{"id":37,"date":"2025-11-07T09:11:44","date_gmt":"2025-11-07T12:11:44","guid":{"rendered":"https:\/\/qd.dev.br\/o-semeador-2025\/?page_id=37"},"modified":"2025-11-10T16:53:59","modified_gmt":"2025-11-10T19:53:59","slug":"como-ajudar","status":"publish","type":"page","link":"https:\/\/qd.dev.br\/o-semeador-2025\/como-ajudar\/","title":{"rendered":"Como Ajudar"},"content":{"rendered":"\n<div class=\"wp-block-group has-global-padding is-layout-constrained wp-block-group-is-layout-constrained\" style=\"padding-top:var(--wp--preset--spacing--70);padding-bottom:var(--wp--preset--spacing--70)\">\n<div class=\"wp-block-columns is-layout-flex wp-container-core-columns-is-layout-28f84493 wp-block-columns-is-layout-flex\">\n<div class=\"wp-block-column is-layout-flow wp-block-column-is-layout-flow\" style=\"flex-basis:25%\"><\/div>\n\n\n\n<div class=\"wp-block-column is-layout-flow wp-block-column-is-layout-flow\" style=\"flex-basis:50%\">\n<h2 class=\"wp-block-heading\"><em>\u201cA f\u00e9 sem obras congela o pensamento e determina a anestesia tempor\u00e1ria do esp\u00edrito\u201d. <\/em><\/h2>\n\n\n\n<p>(Livro: Educand\u00e1riode Luz &#8211; Psicografia: Francisco C\u00e2ndido Xavier &#8211; Pelo Esp\u00edrito: Agar)<\/p>\n<\/div>\n\n\n\n<div class=\"wp-block-column is-layout-flow wp-block-column-is-layout-flow\" style=\"flex-basis:25%\"><\/div>\n<\/div>\n<\/div>\n\n\n\n<div class=\"wp-block-group alignfull qd-dark has-o-semeador-gradient-background has-background has-global-padding is-layout-constrained wp-block-group-is-layout-constrained\" style=\"padding-top:var(--wp--preset--spacing--70);padding-bottom:var(--wp--preset--spacing--70)\">\n<div class=\"wp-block-columns is-layout-flex wp-container-core-columns-is-layout-28f84493 wp-block-columns-is-layout-flex\">\n<div class=\"wp-block-column is-layout-flow wp-block-column-is-layout-flow\">\n<h3 class=\"wp-block-heading has-text-align-center\">Divulga\u00e7\u00e3o<\/h3>\n\n\n\n<div style=\"height:20px\" aria-hidden=\"true\" class=\"wp-block-spacer\"><\/div>\n\n\n\n<ul class=\"wp-block-list\">\n<li><strong>Inscreva-se no grupo de WhatsApp<\/strong>: Link do grupo.<\/li>\n\n\n\n<li>Fique atento aos eventos em nossas redes sociais e no WhatsApp e <strong>compartilhe&nbsp;<\/strong>com a sua rede de contatos: Noite da Pizza, Almo\u00e7os e Bazar Beneficente.<br><em>(Todos os recursos obtidos, s\u00e3o integralmente destinados \u00e0s nossas atividades sociais e manuten\u00e7\u00e3o da casa)<\/em>.<\/li>\n\n\n\n<li><strong>Divulgue as Campanhas e promo\u00e7\u00f5es<\/strong>&nbsp;para arrecada\u00e7\u00e3o de fundos.<\/li>\n<\/ul>\n<\/div>\n\n\n\n<div class=\"wp-block-column is-layout-flow wp-block-column-is-layout-flow\" style=\"flex-basis:50%\">\n<h3 class=\"wp-block-heading has-text-align-center\">Voluntariado<\/h3>\n\n\n\n<div style=\"height:20px\" aria-hidden=\"true\" class=\"wp-block-spacer\"><\/div>\n\n\n\n<ul class=\"wp-block-list\">\n<li>Seja um TRABALHADOR VOLUNT\u00c1RIO em qualquer das nossas atividades: manuten\u00e7\u00e3o, administra\u00e7\u00e3o, atendimento etc\u2026<\/li>\n\n\n\n<li>Entre em contato conosco ou venha nos fazer uma visita.<\/li>\n<\/ul>\n<\/div>\n<\/div>\n\n\n\n<div class=\"wp-block-columns is-layout-flex wp-container-core-columns-is-layout-28f84493 wp-block-columns-is-layout-flex\">\n<div class=\"wp-block-column is-layout-flow wp-block-column-is-layout-flow\">\n<h3 class=\"wp-block-heading has-text-align-center\">Doa\u00e7\u00f5es<\/h3>\n\n\n\n<div style=\"height:20px\" aria-hidden=\"true\" class=\"wp-block-spacer\"><\/div>\n\n\n\n<ul class=\"wp-block-list\">\n<li><strong>Alimentos da cesta b\u00e1sica <\/strong> para distribui\u00e7\u00e3o \u00e0 fam\u00edlias carentes cadastradas (arroz, feij\u00e3o, sal, a\u00e7\u00facar, fub\u00e1, macarr\u00e3o, molho de tomate, gelatina, bolacha e sardinha).<\/li>\n\n\n\n<li>Para o <strong>Bazar Beneficente<\/strong>: roupas, cal\u00e7ados, utens\u00edlios dom\u00e9sticos, brinquedos e objetos de decora\u00e7\u00e3o em condi\u00e7\u00f5es de uso (N\u00c3O RECEBEMOS m\u00f3veis e eletroeletr\u00f4nicos).<\/li>\n\n\n\n<li><strong>Cobertores e agasalhos<\/strong> para moradores de rua.<\/li>\n<\/ul>\n<\/div>\n\n\n\n<div class=\"wp-block-column is-layout-flow wp-block-column-is-layout-flow\">\n<h3 class=\"wp-block-heading has-text-align-center\">Doa\u00e7\u00f5es em dinheiro<\/h3>\n\n\n\n<div style=\"height:20px\" aria-hidden=\"true\" class=\"wp-block-spacer\"><\/div>\n\n\n\n<ul class=\"wp-block-list\">\n<li><strong>Banco Bradesco<\/strong><br>Ag\u00eancia: 2422<br>Conta Corrente: 19.568-5<br>CNPJ: 02.101.786\/0001-69<\/li>\n\n\n\n<li>Fa\u00e7a um PIX diretamente pelo QR code ou pela chave cnpj 02101786000169<\/li>\n<\/ul>\n\n\n\n<figure class=\"wp-block-image aligncenter size-full\"><img loading=\"lazy\" decoding=\"async\" width=\"142\" height=\"147\" src=\"https:\/\/qd.dev.br\/o-semeador-2025\/wp-content\/uploads\/2025\/11\/pixSemeador.jpg\" alt=\"\" class=\"wp-image-52\"\/><\/figure>\n<\/div>\n<\/div>\n<\/div>\n","protected":false},"excerpt":{"rendered":"<p>\u201cA f\u00e9 sem obras congela o pensamento e determina a anestesia tempor\u00e1ria do esp\u00edrito\u201d. (Livro: Educand\u00e1riode Luz &#8211; Psicografia: Francisco C\u00e2ndido Xavier &#8211; Pelo Esp\u00edrito: Agar) Divulga\u00e7\u00e3o Voluntariado Doa\u00e7\u00f5es Doa\u00e7\u00f5es em dinheiro<\/p>\n","protected":false},"author":1,"featured_media":0,"parent":0,"menu_order":80,"comment_status":"closed","ping_status":"closed","template":"","meta":{"footnotes":""},"class_list":["post-37","page","type-page","status-publish","hentry"],"yoast_head":"<!-- This site is optimized with the Yoast SEO plugin v26.3 - https:\/\/yoast.com\/wordpress\/plugins\/seo\/ -->\n<title>Como Ajudar - O Semeador<\/title>\n<meta name=\"robots\" content=\"noindex, follow, max-snippet:-1, max-image-preview:large, max-video-preview:-1\" \/>\n<meta property=\"og:locale\" content=\"pt_BR\" \/>\n<meta property=\"og:type\" content=\"article\" \/>\n<meta property=\"og:title\" content=\"Como Ajudar - O Semeador\" \/>\n<meta property=\"og:description\" content=\"\u201cA f\u00e9 sem obras congela o pensamento e determina a anestesia tempor\u00e1ria do esp\u00edrito\u201d. (Livro: Educand\u00e1riode Luz &#8211; Psicografia: Francisco C\u00e2ndido Xavier &#8211; Pelo Esp\u00edrito: Agar) Divulga\u00e7\u00e3o Voluntariado Doa\u00e7\u00f5es Doa\u00e7\u00f5es em dinheiro\" \/>\n<meta property=\"og:url\" content=\"https:\/\/qd.dev.br\/o-semeador-2025\/como-ajudar\/\" \/>\n<meta property=\"og:site_name\" content=\"O Semeador\" \/>\n<meta property=\"article:modified_time\" content=\"2025-11-10T19:53:59+00:00\" \/>\n<meta property=\"og:image\" content=\"https:\/\/qd.dev.br\/o-semeador-2025\/wp-content\/uploads\/2025\/11\/pixSemeador.jpg\" \/>\n\t<meta property=\"og:image:width\" content=\"142\" \/>\n\t<meta property=\"og:image:height\" content=\"147\" \/>\n\t<meta property=\"og:image:type\" content=\"image\/jpeg\" \/>\n<meta name=\"twitter:card\" content=\"summary_large_image\" \/>\n<meta name=\"twitter:label1\" content=\"Est. tempo de leitura\" \/>\n\t<meta name=\"twitter:data1\" content=\"2 minutos\" \/>\n<script type=\"application\/ld+json\" class=\"yoast-schema-graph\">{\"@context\":\"https:\/\/schema.org\",\"@graph\":[{\"@type\":\"WebPage\",\"@id\":\"https:\/\/qd.dev.br\/o-semeador-2025\/como-ajudar\/\",\"url\":\"https:\/\/qd.dev.br\/o-semeador-2025\/como-ajudar\/\",\"name\":\"Como Ajudar - O Semeador\",\"isPartOf\":{\"@id\":\"https:\/\/qd.dev.br\/o-semeador-2025\/#website\"},\"primaryImageOfPage\":{\"@id\":\"https:\/\/qd.dev.br\/o-semeador-2025\/como-ajudar\/#primaryimage\"},\"image\":{\"@id\":\"https:\/\/qd.dev.br\/o-semeador-2025\/como-ajudar\/#primaryimage\"},\"thumbnailUrl\":\"https:\/\/qd.dev.br\/o-semeador-2025\/wp-content\/uploads\/2025\/11\/pixSemeador.jpg\",\"datePublished\":\"2025-11-07T12:11:44+00:00\",\"dateModified\":\"2025-11-10T19:53:59+00:00\",\"breadcrumb\":{\"@id\":\"https:\/\/qd.dev.br\/o-semeador-2025\/como-ajudar\/#breadcrumb\"},\"inLanguage\":\"pt-BR\",\"potentialAction\":[{\"@type\":\"ReadAction\",\"target\":[\"https:\/\/qd.dev.br\/o-semeador-2025\/como-ajudar\/\"]}]},{\"@type\":\"ImageObject\",\"inLanguage\":\"pt-BR\",\"@id\":\"https:\/\/qd.dev.br\/o-semeador-2025\/como-ajudar\/#primaryimage\",\"url\":\"https:\/\/qd.dev.br\/o-semeador-2025\/wp-content\/uploads\/2025\/11\/pixSemeador.jpg\",\"contentUrl\":\"https:\/\/qd.dev.br\/o-semeador-2025\/wp-content\/uploads\/2025\/11\/pixSemeador.jpg\",\"width\":142,\"height\":147},{\"@type\":\"BreadcrumbList\",\"@id\":\"https:\/\/qd.dev.br\/o-semeador-2025\/como-ajudar\/#breadcrumb\",\"itemListElement\":[{\"@type\":\"ListItem\",\"position\":1,\"name\":\"In\u00edcio\",\"item\":\"https:\/\/qd.dev.br\/o-semeador-2025\/\"},{\"@type\":\"ListItem\",\"position\":2,\"name\":\"Como Ajudar\"}]},{\"@type\":\"WebSite\",\"@id\":\"https:\/\/qd.dev.br\/o-semeador-2025\/#website\",\"url\":\"https:\/\/qd.dev.br\/o-semeador-2025\/\",\"name\":\"O Semeador\",\"description\":\"\",\"potentialAction\":[{\"@type\":\"SearchAction\",\"target\":{\"@type\":\"EntryPoint\",\"urlTemplate\":\"https:\/\/qd.dev.br\/o-semeador-2025\/?s={search_term_string}\"},\"query-input\":{\"@type\":\"PropertyValueSpecification\",\"valueRequired\":true,\"valueName\":\"search_term_string\"}}],\"inLanguage\":\"pt-BR\"}]}<\/script>\n<!-- \/ Yoast SEO plugin. -->","yoast_head_json":{"title":"Como Ajudar - O Semeador","robots":{"index":"noindex","follow":"follow","max-snippet":"max-snippet:-1","max-image-preview":"max-image-preview:large","max-video-preview":"max-video-preview:-1"},"og_locale":"pt_BR","og_type":"article","og_title":"Como Ajudar - O Semeador","og_description":"\u201cA f\u00e9 sem obras congela o pensamento e determina a anestesia tempor\u00e1ria do esp\u00edrito\u201d. (Livro: Educand\u00e1riode Luz &#8211; Psicografia: Francisco C\u00e2ndido Xavier &#8211; Pelo Esp\u00edrito: Agar) Divulga\u00e7\u00e3o Voluntariado Doa\u00e7\u00f5es Doa\u00e7\u00f5es em dinheiro","og_url":"https:\/\/qd.dev.br\/o-semeador-2025\/como-ajudar\/","og_site_name":"O Semeador","article_modified_time":"2025-11-10T19:53:59+00:00","og_image":[{"width":142,"height":147,"url":"https:\/\/qd.dev.br\/o-semeador-2025\/wp-content\/uploads\/2025\/11\/pixSemeador.jpg","type":"image\/jpeg"}],"twitter_card":"summary_large_image","twitter_misc":{"Est. tempo de leitura":"2 minutos"},"schema":{"@context":"https:\/\/schema.org","@graph":[{"@type":"WebPage","@id":"https:\/\/qd.dev.br\/o-semeador-2025\/como-ajudar\/","url":"https:\/\/qd.dev.br\/o-semeador-2025\/como-ajudar\/","name":"Como Ajudar - O Semeador","isPartOf":{"@id":"https:\/\/qd.dev.br\/o-semeador-2025\/#website"},"primaryImageOfPage":{"@id":"https:\/\/qd.dev.br\/o-semeador-2025\/como-ajudar\/#primaryimage"},"image":{"@id":"https:\/\/qd.dev.br\/o-semeador-2025\/como-ajudar\/#primaryimage"},"thumbnailUrl":"https:\/\/qd.dev.br\/o-semeador-2025\/wp-content\/uploads\/2025\/11\/pixSemeador.jpg","datePublished":"2025-11-07T12:11:44+00:00","dateModified":"2025-11-10T19:53:59+00:00","breadcrumb":{"@id":"https:\/\/qd.dev.br\/o-semeador-2025\/como-ajudar\/#breadcrumb"},"inLanguage":"pt-BR","potentialAction":[{"@type":"ReadAction","target":["https:\/\/qd.dev.br\/o-semeador-2025\/como-ajudar\/"]}]},{"@type":"ImageObject","inLanguage":"pt-BR","@id":"https:\/\/qd.dev.br\/o-semeador-2025\/como-ajudar\/#primaryimage","url":"https:\/\/qd.dev.br\/o-semeador-2025\/wp-content\/uploads\/2025\/11\/pixSemeador.jpg","contentUrl":"https:\/\/qd.dev.br\/o-semeador-2025\/wp-content\/uploads\/2025\/11\/pixSemeador.jpg","width":142,"height":147},{"@type":"BreadcrumbList","@id":"https:\/\/qd.dev.br\/o-semeador-2025\/como-ajudar\/#breadcrumb","itemListElement":[{"@type":"ListItem","position":1,"name":"In\u00edcio","item":"https:\/\/qd.dev.br\/o-semeador-2025\/"},{"@type":"ListItem","position":2,"name":"Como Ajudar"}]},{"@type":"WebSite","@id":"https:\/\/qd.dev.br\/o-semeador-2025\/#website","url":"https:\/\/qd.dev.br\/o-semeador-2025\/","name":"O Semeador","description":"","potentialAction":[{"@type":"SearchAction","target":{"@type":"EntryPoint","urlTemplate":"https:\/\/qd.dev.br\/o-semeador-2025\/?s={search_term_string}"},"query-input":{"@type":"PropertyValueSpecification","valueRequired":true,"valueName":"search_term_string"}}],"inLanguage":"pt-BR"}]}},"_links":{"self":[{"href":"https:\/\/qd.dev.br\/o-semeador-2025\/wp-json\/wp\/v2\/pages\/37","targetHints":{"allow":["GET"]}}],"collection":[{"href":"https:\/\/qd.dev.br\/o-semeador-2025\/wp-json\/wp\/v2\/pages"}],"about":[{"href":"https:\/\/qd.dev.br\/o-semeador-2025\/wp-json\/wp\/v2\/types\/page"}],"author":[{"embeddable":true,"href":"https:\/\/qd.dev.br\/o-semeador-2025\/wp-json\/wp\/v2\/users\/1"}],"replies":[{"embeddable":true,"href":"https:\/\/qd.dev.br\/o-semeador-2025\/wp-json\/wp\/v2\/comments?post=37"}],"version-history":[{"count":17,"href":"https:\/\/qd.dev.br\/o-semeador-2025\/wp-json\/wp\/v2\/pages\/37\/revisions"}],"predecessor-version":[{"id":105,"href":"https:\/\/qd.dev.br\/o-semeador-2025\/wp-json\/wp\/v2\/pages\/37\/revisions\/105"}],"wp:attachment":[{"href":"https:\/\/qd.dev.br\/o-semeador-2025\/wp-json\/wp\/v2\/media?parent=37"}],"curies":[{"name":"wp","href":"https:\/\/api.w.org\/{rel}","templated":true}]}}