{"id":35,"date":"2025-11-07T09:11:17","date_gmt":"2025-11-07T12:11:17","guid":{"rendered":"https:\/\/qd.dev.br\/o-semeador-2025\/?page_id=35"},"modified":"2025-11-27T15:31:37","modified_gmt":"2025-11-27T18:31:37","slug":"atividades","status":"publish","type":"page","link":"https:\/\/qd.dev.br\/o-semeador-2025\/atividades\/","title":{"rendered":"Atividades"},"content":{"rendered":"\n<div class=\"wp-block-group has-global-padding is-layout-constrained wp-block-group-is-layout-constrained\" style=\"padding-top:var(--wp--preset--spacing--60);padding-bottom:var(--wp--preset--spacing--60)\">\n<div class=\"wp-block-columns is-layout-flex wp-container-core-columns-is-layout-aa016f2c wp-block-columns-is-layout-flex\" style=\"border-bottom-color:var(--wp--preset--color--dark-gray);border-bottom-style:solid;border-bottom-width:1px;padding-bottom:var(--wp--preset--spacing--50)\">\n<div class=\"wp-block-column is-vertically-aligned-center is-layout-flow wp-block-column-is-layout-flow\" style=\"flex-basis:60%\">\n<h4 class=\"wp-block-heading has-text-align-right\" style=\"font-size:1em\">Legenda<\/h4>\n<\/div>\n\n\n\n<div class=\"wp-block-column is-layout-flow wp-block-column-is-layout-flow\" style=\"flex-basis:40%\">\n<ul class=\"wp-block-list\">\n<li class=\"qd-li-cor-1\" style=\"font-size:0.9em\">Assist\u00eancia espiritual e estudos<\/li>\n\n\n\n<li class=\"qd-li-cor-2\" style=\"font-size:0.9em\">Assist\u00eancia social<\/li>\n<\/ul>\n<\/div>\n<\/div>\n\n\n\n<div class=\"wp-block-columns is-layout-flex wp-container-core-columns-is-layout-aa016f2c wp-block-columns-is-layout-flex\" style=\"border-bottom-color:var(--wp--preset--color--dark-gray);border-bottom-style:solid;border-bottom-width:1px;padding-bottom:var(--wp--preset--spacing--50)\">\n<div class=\"wp-block-column is-vertically-aligned-center is-layout-flow wp-block-column-is-layout-flow\" style=\"flex-basis:25%\">\n<h4 class=\"wp-block-heading has-text-align-right\">Segunda<\/h4>\n<\/div>\n\n\n\n<div class=\"wp-block-column is-layout-flow wp-block-column-is-layout-flow\" style=\"flex-basis:75%\">\n<ul class=\"wp-block-list\">\n<li class=\"qd-li-cor-1\">20h \u2013 <strong>Grupo de estudos<\/strong><\/li>\n\n\n\n<li class=\"qd-li-cor-1\">20h \u2013 <strong>Reuni\u00e3o medi\u00fanica<\/strong><\/li>\n<\/ul>\n<\/div>\n<\/div>\n\n\n\n<div class=\"wp-block-columns is-layout-flex wp-container-core-columns-is-layout-aa016f2c wp-block-columns-is-layout-flex\" style=\"border-bottom-color:var(--wp--preset--color--dark-gray);border-bottom-style:solid;border-bottom-width:1px;padding-bottom:var(--wp--preset--spacing--50)\">\n<div class=\"wp-block-column is-vertically-aligned-center is-layout-flow wp-block-column-is-layout-flow\" style=\"flex-basis:25%\">\n<h4 class=\"wp-block-heading has-text-align-right\">Ter\u00e7a<\/h4>\n<\/div>\n\n\n\n<div class=\"wp-block-column is-layout-flow wp-block-column-is-layout-flow\" style=\"flex-basis:75%\">\n<ul class=\"wp-block-list\">\n<li class=\"qd-li-cor-1\">20h \u2013 <strong>Grupo de estudos<\/strong> (remoto)<\/li>\n\n\n\n<li class=\"qd-li-cor-2\">10h \u2013 <strong>Bazar beneficente<\/strong> (quinzenal)<\/li>\n\n\n\n<li class=\"qd-li-cor-2\">10h \u2013 Atividades internas do <strong>bazar beneficente<\/strong> (semanal)<\/li>\n<\/ul>\n<\/div>\n<\/div>\n\n\n\n<div class=\"wp-block-columns is-layout-flex wp-container-core-columns-is-layout-aa016f2c wp-block-columns-is-layout-flex\" style=\"border-bottom-color:var(--wp--preset--color--dark-gray);border-bottom-style:solid;border-bottom-width:1px;padding-bottom:var(--wp--preset--spacing--50)\">\n<div class=\"wp-block-column is-vertically-aligned-center is-layout-flow wp-block-column-is-layout-flow\" style=\"flex-basis:25%\">\n<h4 class=\"wp-block-heading has-text-align-right\">Quarta<\/h4>\n<\/div>\n\n\n\n<div class=\"wp-block-column is-layout-flow wp-block-column-is-layout-flow\" style=\"flex-basis:75%\">\n<ul class=\"wp-block-list\">\n<li class=\"qd-li-cor-1\">20h \u2013 <strong>Grupo de estudos<\/strong>*<\/li>\n\n\n\n<li class=\"qd-li-cor-1\">20h \u2013 <strong>Grupo de inicia\u00e7\u00e3o ao espiritismo<\/strong><\/li>\n\n\n\n<li class=\"qd-li-cor-1\">20h30 \u2013 <strong><strong>Reuni\u00f5es P\u00fablicas<\/strong><\/strong>: palestra e fluidoterapia* (passes)<\/li>\n\n\n\n<li class=\"qd-li-cor-1\">20h30 \u2013 <strong>Atendimento fraterno<\/strong> individual<\/li>\n<\/ul>\n<\/div>\n<\/div>\n\n\n\n<div class=\"wp-block-columns is-layout-flex wp-container-core-columns-is-layout-aa016f2c wp-block-columns-is-layout-flex\" style=\"border-bottom-color:var(--wp--preset--color--dark-gray);border-bottom-style:solid;border-bottom-width:1px;padding-bottom:var(--wp--preset--spacing--50)\">\n<div class=\"wp-block-column is-vertically-aligned-center is-layout-flow wp-block-column-is-layout-flow\" style=\"flex-basis:25%\">\n<h4 class=\"wp-block-heading has-text-align-right\">Quinta<\/h4>\n<\/div>\n\n\n\n<div class=\"wp-block-column is-layout-flow wp-block-column-is-layout-flow\" style=\"flex-basis:75%\">\n<ul class=\"wp-block-list\">\n<li class=\"qd-li-cor-1\">20h \u2013 <strong>Reuni\u00e3o medi\u00fanica<\/strong><\/li>\n<\/ul>\n<\/div>\n<\/div>\n\n\n\n<div class=\"wp-block-columns is-layout-flex wp-container-core-columns-is-layout-aa016f2c wp-block-columns-is-layout-flex\" style=\"border-bottom-color:var(--wp--preset--color--dark-gray);border-bottom-style:solid;border-bottom-width:1px;padding-bottom:var(--wp--preset--spacing--50)\">\n<div class=\"wp-block-column is-vertically-aligned-center is-layout-flow wp-block-column-is-layout-flow\" style=\"flex-basis:25%\">\n<h4 class=\"wp-block-heading has-text-align-right\">Sexta<\/h4>\n<\/div>\n\n\n\n<div class=\"wp-block-column is-layout-flow wp-block-column-is-layout-flow\" style=\"flex-basis:75%\">\n<ul class=\"wp-block-list\">\n<li class=\"qd-li-cor-2\">10h \u2013 Preparo da <strong>Sopa Fraterna<\/strong> (Quinzenal com equipes em rod\u00edzio) <\/li>\n\n\n\n<li class=\"qd-li-cor-2\">19h \u2013 <strong>Distribui\u00e7\u00e3o<\/strong> externa da <strong>Sopa Fraterna<\/strong> \u00e0 moradores de rua pela cidade de Santo Andr\u00e9<\/li>\n<\/ul>\n<\/div>\n<\/div>\n\n\n\n<div class=\"wp-block-columns is-layout-flex wp-container-core-columns-is-layout-aa016f2c wp-block-columns-is-layout-flex\" style=\"border-bottom-color:var(--wp--preset--color--dark-gray);border-bottom-style:solid;border-bottom-width:1px;padding-bottom:var(--wp--preset--spacing--50)\">\n<div class=\"wp-block-column is-vertically-aligned-center is-layout-flow wp-block-column-is-layout-flow\" style=\"flex-basis:25%\">\n<h4 class=\"wp-block-heading has-text-align-right\">S\u00e1bado<\/h4>\n<\/div>\n\n\n\n<div class=\"wp-block-column is-layout-flow wp-block-column-is-layout-flow\" style=\"flex-basis:75%\">\n<ul class=\"wp-block-list\">\n<li class=\"qd-li-cor-1\">08h \u2013 Programa <strong>Semeando a Boa Nova<\/strong> (redes sociais e Youtube) <\/li>\n\n\n\n<li class=\"qd-li-cor-1\">08h \u2013 <strong>Grupo de estudos<\/strong>*<\/li>\n\n\n\n<li class=\"qd-li-cor-1\">08h \u2013 <strong>Reuni\u00e3o Medi\u00fanica<\/strong><\/li>\n\n\n\n<li class=\"qd-li-cor-1\">09h \u2013\u00a0<strong>Grupo* mocidade esp\u00edrita<\/strong><\/li>\n\n\n\n<li class=\"qd-li-cor-1\">10h \u2013 <strong><strong>Reuni\u00f5es P\u00fablicas<\/strong><\/strong>: palestra e fluidoterapia* (passes)<\/li>\n\n\n\n<li class=\"qd-li-cor-1\">10h \u2013 <strong>Atendimento fraterno<\/strong> individual<\/li>\n\n\n\n<li class=\"qd-li-cor-1\">10h \u2013 <strong>Evangeliza\u00e7\u00e3o infanto-Juvenil<\/strong><\/li>\n\n\n\n<li class=\"qd-li-cor-1\">10h \u2013 <strong>Encontro de pais e m\u00e3es<\/strong><\/li>\n\n\n\n<li class=\"qd-li-cor-1\">12h30 \u2013 <strong>Distribui\u00e7\u00e3o mensal de alimentos a fam\u00edlias carentes<\/strong> (previamente cadastradas) (\u00faltimo s\u00e1bado do m\u00eas)<\/li>\n<\/ul>\n<\/div>\n<\/div>\n\n\n\n<div class=\"wp-block-columns is-layout-flex wp-container-core-columns-is-layout-aa016f2c wp-block-columns-is-layout-flex\" style=\"border-bottom-color:var(--wp--preset--color--dark-gray);border-bottom-style:solid;border-bottom-width:1px;padding-bottom:var(--wp--preset--spacing--50)\">\n<div class=\"wp-block-column is-vertically-aligned-center is-layout-flow wp-block-column-is-layout-flow\" style=\"flex-basis:25%\">\n<h4 class=\"wp-block-heading has-text-align-right\">Domingo<\/h4>\n<\/div>\n\n\n\n<div class=\"wp-block-column is-layout-flow wp-block-column-is-layout-flow\" style=\"flex-basis:75%\">\n<ul class=\"wp-block-list\">\n<li class=\"qd-li-cor-1\">09h \u2013 <strong>Encontro de Vibra\u00e7\u00e3o pela Paz<\/strong> (remoto pelo Zoom)<\/li>\n\n\n\n<li class=\"qd-li-cor-1\">10h30 \u2013 <strong>Encontro de Harmoniza\u00e7\u00e3o Familiar e Pessoal<\/strong> (presencial e com transmiss\u00e3o pelas redes sociais e Youtube) (3\u00b0 Domingo do m\u00eas)<\/li>\n<\/ul>\n<\/div>\n<\/div>\n\n\n\n<div class=\"wp-block-columns is-layout-flex wp-container-core-columns-is-layout-aa016f2c wp-block-columns-is-layout-flex\" style=\"border-bottom-color:var(--wp--preset--color--dark-gray);border-bottom-style:solid;border-bottom-width:1px;padding-bottom:var(--wp--preset--spacing--50)\">\n<div class=\"wp-block-column is-vertically-aligned-center is-layout-flow wp-block-column-is-layout-flow\" style=\"flex-basis:25%\">\n<h4 class=\"wp-block-heading has-text-align-right\">Segunda a sexta<\/h4>\n<\/div>\n\n\n\n<div class=\"wp-block-column is-layout-flow wp-block-column-is-layout-flow\" style=\"flex-basis:75%\">\n<ul class=\"wp-block-list\">\n<li class=\"qd-li-cor-2\">Atendimento especializado \u00e0 crian\u00e7as e adolescentes com Transtornos de Aprendizagem (Saiba mais: <a href=\"http:\/\/www.projetosementeira.org.br\" target=\"_blank\" rel=\"noreferrer noopener\">www.projetosementeira.org.br<\/a>)<\/li>\n<\/ul>\n<\/div>\n<\/div>\n\n\n\n<p class=\"has-text-align-center\">*Grupo de estudos e fluidoterapia requerem inscri\u00e7\u00e3o pr\u00e9via pelo telefone (11) 93339-8886<\/p>\n<\/div>\n\n\n\n<div class=\"wp-block-group alignfull has-cinza-claro-gradient-background has-background has-global-padding is-layout-constrained wp-block-group-is-layout-constrained\" style=\"padding-top:var(--wp--preset--spacing--70);padding-bottom:var(--wp--preset--spacing--70)\">\n<div class=\"wp-block-columns is-layout-flex wp-container-core-columns-is-layout-28f84493 wp-block-columns-is-layout-flex\">\n<div class=\"wp-block-column is-layout-flow wp-block-column-is-layout-flow\">\n<figure class=\"wp-block-image aligncenter size-full is-resized\"><img loading=\"lazy\" decoding=\"async\" width=\"450\" height=\"450\" src=\"https:\/\/qd.dev.br\/o-semeador-2025\/wp-content\/uploads\/2025\/11\/ilustra-qr-code-grupo-wa.webp\" alt=\"\" class=\"wp-image-90\" style=\"width:299px;height:auto\" srcset=\"https:\/\/qd.dev.br\/o-semeador-2025\/wp-content\/uploads\/2025\/11\/ilustra-qr-code-grupo-wa.webp 450w, https:\/\/qd.dev.br\/o-semeador-2025\/wp-content\/uploads\/2025\/11\/ilustra-qr-code-grupo-wa-300x300.webp 300w, https:\/\/qd.dev.br\/o-semeador-2025\/wp-content\/uploads\/2025\/11\/ilustra-qr-code-grupo-wa-150x150.webp 150w, https:\/\/qd.dev.br\/o-semeador-2025\/wp-content\/uploads\/2025\/11\/ilustra-qr-code-grupo-wa-350x350.webp 350w, https:\/\/qd.dev.br\/o-semeador-2025\/wp-content\/uploads\/2025\/11\/ilustra-qr-code-grupo-wa-120x120.webp 120w, https:\/\/qd.dev.br\/o-semeador-2025\/wp-content\/uploads\/2025\/11\/ilustra-qr-code-grupo-wa-400x400.webp 400w\" sizes=\"auto, (max-width: 450px) 100vw, 450px\" \/><\/figure>\n<\/div>\n\n\n\n<div class=\"wp-block-column is-vertically-aligned-center is-layout-flow wp-block-column-is-layout-flow\">\n<p>Cadastre-se no grupo de WhatsApp e receba todas as informa\u00e7\u00f5es no seu celular. Link para o grupo: <\/p>\n\n\n\n<p style=\"margin-bottom:0px\">D\u00favidas, entre em contato: (11) 93339-8886<\/p>\n<\/div>\n<\/div>\n\n\n\n<p><\/p>\n<\/div>\n","protected":false},"excerpt":{"rendered":"<p>Legenda Segunda Ter\u00e7a Quarta Quinta Sexta S\u00e1bado Domingo Segunda a sexta *Grupo de estudos e fluidoterapia requerem inscri\u00e7\u00e3o pr\u00e9via pelo telefone (11) 93339-8886 Cadastre-se no grupo de WhatsApp e receba todas as informa\u00e7\u00f5es no seu celular. Link para o grupo: D\u00favidas, entre em contato: (11) 93339-8886<\/p>\n","protected":false},"author":1,"featured_media":0,"parent":0,"menu_order":30,"comment_status":"closed","ping_status":"closed","template":"","meta":{"footnotes":""},"class_list":["post-35","page","type-page","status-publish","hentry"],"yoast_head":"<!-- This site is optimized with the Yoast SEO plugin v26.3 - https:\/\/yoast.com\/wordpress\/plugins\/seo\/ -->\n<title>Atividades - O Semeador<\/title>\n<meta name=\"robots\" content=\"noindex, follow, max-snippet:-1, max-image-preview:large, max-video-preview:-1\" \/>\n<meta property=\"og:locale\" content=\"pt_BR\" \/>\n<meta property=\"og:type\" content=\"article\" \/>\n<meta property=\"og:title\" content=\"Atividades - O Semeador\" \/>\n<meta property=\"og:description\" content=\"Legenda Segunda Ter\u00e7a Quarta Quinta Sexta S\u00e1bado Domingo Segunda a sexta *Grupo de estudos e fluidoterapia requerem inscri\u00e7\u00e3o pr\u00e9via pelo telefone (11) 93339-8886 Cadastre-se no grupo de WhatsApp e receba todas as informa\u00e7\u00f5es no seu celular. Link para o grupo: D\u00favidas, entre em contato: (11) 93339-8886\" \/>\n<meta property=\"og:url\" content=\"https:\/\/qd.dev.br\/o-semeador-2025\/atividades\/\" \/>\n<meta property=\"og:site_name\" content=\"O Semeador\" \/>\n<meta property=\"article:modified_time\" content=\"2025-11-27T18:31:37+00:00\" \/>\n<meta property=\"og:image\" content=\"https:\/\/qd.dev.br\/o-semeador-2025\/wp-content\/uploads\/2025\/11\/ilustra-qr-code-grupo-wa.webp\" \/>\n\t<meta property=\"og:image:width\" content=\"450\" \/>\n\t<meta property=\"og:image:height\" content=\"450\" \/>\n\t<meta property=\"og:image:type\" content=\"image\/webp\" \/>\n<meta name=\"twitter:card\" content=\"summary_large_image\" \/>\n<meta name=\"twitter:label1\" content=\"Est. tempo de leitura\" \/>\n\t<meta name=\"twitter:data1\" content=\"2 minutos\" \/>\n<script type=\"application\/ld+json\" class=\"yoast-schema-graph\">{\"@context\":\"https:\/\/schema.org\",\"@graph\":[{\"@type\":\"WebPage\",\"@id\":\"https:\/\/qd.dev.br\/o-semeador-2025\/atividades\/\",\"url\":\"https:\/\/qd.dev.br\/o-semeador-2025\/atividades\/\",\"name\":\"Atividades - O Semeador\",\"isPartOf\":{\"@id\":\"https:\/\/qd.dev.br\/o-semeador-2025\/#website\"},\"primaryImageOfPage\":{\"@id\":\"https:\/\/qd.dev.br\/o-semeador-2025\/atividades\/#primaryimage\"},\"image\":{\"@id\":\"https:\/\/qd.dev.br\/o-semeador-2025\/atividades\/#primaryimage\"},\"thumbnailUrl\":\"https:\/\/qd.dev.br\/o-semeador-2025\/wp-content\/uploads\/2025\/11\/ilustra-qr-code-grupo-wa.webp\",\"datePublished\":\"2025-11-07T12:11:17+00:00\",\"dateModified\":\"2025-11-27T18:31:37+00:00\",\"breadcrumb\":{\"@id\":\"https:\/\/qd.dev.br\/o-semeador-2025\/atividades\/#breadcrumb\"},\"inLanguage\":\"pt-BR\",\"potentialAction\":[{\"@type\":\"ReadAction\",\"target\":[\"https:\/\/qd.dev.br\/o-semeador-2025\/atividades\/\"]}]},{\"@type\":\"ImageObject\",\"inLanguage\":\"pt-BR\",\"@id\":\"https:\/\/qd.dev.br\/o-semeador-2025\/atividades\/#primaryimage\",\"url\":\"https:\/\/qd.dev.br\/o-semeador-2025\/wp-content\/uploads\/2025\/11\/ilustra-qr-code-grupo-wa.webp\",\"contentUrl\":\"https:\/\/qd.dev.br\/o-semeador-2025\/wp-content\/uploads\/2025\/11\/ilustra-qr-code-grupo-wa.webp\",\"width\":450,\"height\":450},{\"@type\":\"BreadcrumbList\",\"@id\":\"https:\/\/qd.dev.br\/o-semeador-2025\/atividades\/#breadcrumb\",\"itemListElement\":[{\"@type\":\"ListItem\",\"position\":1,\"name\":\"In\u00edcio\",\"item\":\"https:\/\/qd.dev.br\/o-semeador-2025\/\"},{\"@type\":\"ListItem\",\"position\":2,\"name\":\"Atividades\"}]},{\"@type\":\"WebSite\",\"@id\":\"https:\/\/qd.dev.br\/o-semeador-2025\/#website\",\"url\":\"https:\/\/qd.dev.br\/o-semeador-2025\/\",\"name\":\"O Semeador\",\"description\":\"\",\"potentialAction\":[{\"@type\":\"SearchAction\",\"target\":{\"@type\":\"EntryPoint\",\"urlTemplate\":\"https:\/\/qd.dev.br\/o-semeador-2025\/?s={search_term_string}\"},\"query-input\":{\"@type\":\"PropertyValueSpecification\",\"valueRequired\":true,\"valueName\":\"search_term_string\"}}],\"inLanguage\":\"pt-BR\"}]}<\/script>\n<!-- \/ Yoast SEO plugin. -->","yoast_head_json":{"title":"Atividades - O Semeador","robots":{"index":"noindex","follow":"follow","max-snippet":"max-snippet:-1","max-image-preview":"max-image-preview:large","max-video-preview":"max-video-preview:-1"},"og_locale":"pt_BR","og_type":"article","og_title":"Atividades - O Semeador","og_description":"Legenda Segunda Ter\u00e7a Quarta Quinta Sexta S\u00e1bado Domingo Segunda a sexta *Grupo de estudos e fluidoterapia requerem inscri\u00e7\u00e3o pr\u00e9via pelo telefone (11) 93339-8886 Cadastre-se no grupo de WhatsApp e receba todas as informa\u00e7\u00f5es no seu celular. Link para o grupo: D\u00favidas, entre em contato: (11) 93339-8886","og_url":"https:\/\/qd.dev.br\/o-semeador-2025\/atividades\/","og_site_name":"O Semeador","article_modified_time":"2025-11-27T18:31:37+00:00","og_image":[{"width":450,"height":450,"url":"https:\/\/qd.dev.br\/o-semeador-2025\/wp-content\/uploads\/2025\/11\/ilustra-qr-code-grupo-wa.webp","type":"image\/webp"}],"twitter_card":"summary_large_image","twitter_misc":{"Est. tempo de leitura":"2 minutos"},"schema":{"@context":"https:\/\/schema.org","@graph":[{"@type":"WebPage","@id":"https:\/\/qd.dev.br\/o-semeador-2025\/atividades\/","url":"https:\/\/qd.dev.br\/o-semeador-2025\/atividades\/","name":"Atividades - O Semeador","isPartOf":{"@id":"https:\/\/qd.dev.br\/o-semeador-2025\/#website"},"primaryImageOfPage":{"@id":"https:\/\/qd.dev.br\/o-semeador-2025\/atividades\/#primaryimage"},"image":{"@id":"https:\/\/qd.dev.br\/o-semeador-2025\/atividades\/#primaryimage"},"thumbnailUrl":"https:\/\/qd.dev.br\/o-semeador-2025\/wp-content\/uploads\/2025\/11\/ilustra-qr-code-grupo-wa.webp","datePublished":"2025-11-07T12:11:17+00:00","dateModified":"2025-11-27T18:31:37+00:00","breadcrumb":{"@id":"https:\/\/qd.dev.br\/o-semeador-2025\/atividades\/#breadcrumb"},"inLanguage":"pt-BR","potentialAction":[{"@type":"ReadAction","target":["https:\/\/qd.dev.br\/o-semeador-2025\/atividades\/"]}]},{"@type":"ImageObject","inLanguage":"pt-BR","@id":"https:\/\/qd.dev.br\/o-semeador-2025\/atividades\/#primaryimage","url":"https:\/\/qd.dev.br\/o-semeador-2025\/wp-content\/uploads\/2025\/11\/ilustra-qr-code-grupo-wa.webp","contentUrl":"https:\/\/qd.dev.br\/o-semeador-2025\/wp-content\/uploads\/2025\/11\/ilustra-qr-code-grupo-wa.webp","width":450,"height":450},{"@type":"BreadcrumbList","@id":"https:\/\/qd.dev.br\/o-semeador-2025\/atividades\/#breadcrumb","itemListElement":[{"@type":"ListItem","position":1,"name":"In\u00edcio","item":"https:\/\/qd.dev.br\/o-semeador-2025\/"},{"@type":"ListItem","position":2,"name":"Atividades"}]},{"@type":"WebSite","@id":"https:\/\/qd.dev.br\/o-semeador-2025\/#website","url":"https:\/\/qd.dev.br\/o-semeador-2025\/","name":"O Semeador","description":"","potentialAction":[{"@type":"SearchAction","target":{"@type":"EntryPoint","urlTemplate":"https:\/\/qd.dev.br\/o-semeador-2025\/?s={search_term_string}"},"query-input":{"@type":"PropertyValueSpecification","valueRequired":true,"valueName":"search_term_string"}}],"inLanguage":"pt-BR"}]}},"_links":{"self":[{"href":"https:\/\/qd.dev.br\/o-semeador-2025\/wp-json\/wp\/v2\/pages\/35","targetHints":{"allow":["GET"]}}],"collection":[{"href":"https:\/\/qd.dev.br\/o-semeador-2025\/wp-json\/wp\/v2\/pages"}],"about":[{"href":"https:\/\/qd.dev.br\/o-semeador-2025\/wp-json\/wp\/v2\/types\/page"}],"author":[{"embeddable":true,"href":"https:\/\/qd.dev.br\/o-semeador-2025\/wp-json\/wp\/v2\/users\/1"}],"replies":[{"embeddable":true,"href":"https:\/\/qd.dev.br\/o-semeador-2025\/wp-json\/wp\/v2\/comments?post=35"}],"version-history":[{"count":29,"href":"https:\/\/qd.dev.br\/o-semeador-2025\/wp-json\/wp\/v2\/pages\/35\/revisions"}],"predecessor-version":[{"id":201,"href":"https:\/\/qd.dev.br\/o-semeador-2025\/wp-json\/wp\/v2\/pages\/35\/revisions\/201"}],"wp:attachment":[{"href":"https:\/\/qd.dev.br\/o-semeador-2025\/wp-json\/wp\/v2\/media?parent=35"}],"curies":[{"name":"wp","href":"https:\/\/api.w.org\/{rel}","templated":true}]}}