{"id":3,"date":"2025-10-31T15:03:28","date_gmt":"2025-10-31T18:03:28","guid":{"rendered":"https:\/\/qd.dev.br\/o-semeador-2025\/?page_id=3"},"modified":"2025-11-07T08:41:02","modified_gmt":"2025-11-07T11:41:02","slug":"politica-de-privacidade","status":"publish","type":"page","link":"https:\/\/qd.dev.br\/o-semeador-2025\/politica-de-privacidade\/","title":{"rendered":"Pol\u00edtica de privacidade"},"content":{"rendered":"\n<div class=\"wp-block-group has-global-padding is-layout-constrained wp-container-core-group-is-layout-bea02a06 wp-block-group-is-layout-constrained\">\n<p>O <strong>N\u00facleo Esp\u00edrita O Semeador<\/strong>, est\u00e1 comprometida em resguardar sua privacidade. O intuito deste documento \u00e9 esclarecer quais informa\u00e7\u00f5es s\u00e3o coletadas dos usu\u00e1rios do nosso site <strong><a href=\"http:\/\/www.Semeador - N\u00facleo Esp\u00edrita - Santo Andr\u00e9.com\/\">http:\/\/www.osemeador.or<\/a><\/strong><a href=\"http:\/\/www.Semeador - N\u00facleo Esp\u00edrita - Santo Andr\u00e9.com\/\"><strong>g<\/strong><\/a> \u2013 e respectivos servi\u00e7os \u2013 e de que forma esses dados s\u00e3o manipulados e utilizados.<\/p>\n\n\n\n<p>Esta Pol\u00edtica de Privacidade aplica-se exclusivamente a este site. Ela n\u00e3o se aplica a \u201cbanners\u201d, sorteios, outros an\u00fancios ou promo\u00e7\u00f5es que a Semeador &#8211; N\u00facleo Esp\u00edrita &#8211; Santo Andr\u00e9 possa exibir, patrocinar ou participar em sites de terceiros, nem a outras formas de coletas de dados praticadas pela Semeador &#8211; N\u00facleo Esp\u00edrita &#8211; Santo Andr\u00e9 por meio de outros sites ou plataformas, inclusive aqueles a que voc\u00ea venha a ter acesso por meio de um link exibido neste site.<\/p>\n\n\n\n<p>Alertamos que se voc\u00ea n\u00e3o concorda com o conte\u00fado desta pol\u00edtica, n\u00e3o \u00e9 recomend\u00e1vel baixar nossos materiais. Ao navegar em nosso site e ao fornecer Informa\u00e7\u00f5es Pessoais, voc\u00ea est\u00e1 concordando com a coleta, com o processamento e com os usos das Informa\u00e7\u00f5es Pessoais na forma descrita nesta Pol\u00edtica de Privacidade. Caso voc\u00ea n\u00e3o concorde com alguma condi\u00e7\u00e3o aplic\u00e1vel ao tratamento das suas Informa\u00e7\u00f5es Pessoais, n\u00e3o as forne\u00e7a por meio deste site. Caso tampouco esteja de acordo com o tratamento de outras informa\u00e7\u00f5es coletadas de forma automatizada, conforme indicado nesta Pol\u00edtica de Privacidade, interrompa imediatamente o uso deste site.<\/p>\n\n\n\n<h3 class=\"wp-block-heading\">Coleta de dados<\/h3>\n\n\n\n<p>Em nossos sites, as informa\u00e7\u00f5es s\u00e3o coletadas das seguintes formas:<\/p>\n\n\n\n<ul class=\"wp-block-list\">\n<li>Informa\u00e7\u00f5es de identifica\u00e7\u00e3o pessoal, fornecidas por voc\u00ea, sem se limitar a, tais como, nome, telefone, e-mail, empresa em que trabalha e cargo \u2013 via preenchimento dos formul\u00e1rios para download de nossos conte\u00fados gratuitos. Eventualmente, as solicita\u00e7\u00f5es de algumas informa\u00e7\u00f5es podem ser feitas por meio de contato direto do <strong>N\u00facleo Esp\u00edrita O Semeador<\/strong> com os usu\u00e1rios via e-mail ou telefone.<\/li>\n\n\n\n<li>Informa\u00e7\u00f5es de navega\u00e7\u00e3o no site \u2013 Quando voc\u00ea visita nosso site, \u00e9 inserido um \u2018cookie\u2019 no seu navegador por meio do software Google Analytics, para identificar quantas vezes voc\u00ea retorna ao nosso endere\u00e7o. S\u00e3o coletadas, anonimamente, informa\u00e7\u00f5es, como endere\u00e7o IP, localiza\u00e7\u00e3o geogr\u00e1fica, fonte de refer\u00eancia, tipo de navegador, dura\u00e7\u00e3o da visita e p\u00e1ginas visitadas.<\/li>\n\n\n\n<li>Hist\u00f3rico de contato \u2013 <strong>N\u00facleo Esp\u00edrita O Semeador<\/strong> armazena informa\u00e7\u00f5es a respeito de todos os contatos j\u00e1 realizados com nossos usu\u00e1rios, como conte\u00fados baixados a partir de nossas p\u00e1ginas e intera\u00e7\u00f5es via e-mail.<\/li>\n<\/ul>\n\n\n\n<p>O <strong>N\u00facleo Esp\u00edrita O Semeador<\/strong> somente coletar\u00e1 as Informa\u00e7\u00f5es Pessoais indicadas acima caso elas sejam fornecidas voluntariamente pelos usu\u00e1rios. Quando voc\u00ea nos fornece Informa\u00e7\u00f5es Pessoais, est\u00e1 nos autorizando a us\u00e1-las de acordo com os termos desta Pol\u00edtica de Privacidade. Se voc\u00ea decidir n\u00e3o fornecer Informa\u00e7\u00f5es Pessoais, advertimos, no entanto, que poder\u00e1 encontrar algumas restri\u00e7\u00f5es de acesso ao site.<\/p>\n\n\n\n<p>As informa\u00e7\u00f5es de navega\u00e7\u00e3o, coletadas de forma automatizada e posteriormente vinculadas as informa\u00e7\u00f5es de identifica\u00e7\u00e3o pessoal fornecidas por voc\u00ea, ser\u00e3o tratadas como Informa\u00e7\u00f5es de identifica\u00e7\u00e3o pessoal para os fins dessa pol\u00edtica de privacidade.<\/p>\n\n\n\n<h3 class=\"wp-block-heading\">Uso das Informa\u00e7\u00f5es pessoais<\/h3>\n\n\n\n<p>O presente termo permite que o <strong>N\u00facleo Esp\u00edrita O Semeador<\/strong> use suas informa\u00e7\u00f5es pessoais para diferentes finalidades.<\/p>\n\n\n\n<p>O e-mail \u00e9 utilizado para a opera\u00e7\u00e3o de envio do material ou informa\u00e7\u00e3o por voc\u00ea requisitada no preenchimento do formul\u00e1rio. Tamb\u00e9m pode ser usado para envio de Newsletters, informa\u00e7\u00e3o e lan\u00e7amento de produtos, cursos e webinars, dentre outras comunica\u00e7\u00f5es, sempre relacionadas ao neg\u00f3cio do <strong>N\u00facleo Esp\u00edrita O Semeador<\/strong> e parceiros.<\/p>\n\n\n\n<p>Os dados de download poder\u00e3o ser divulgados como pesquisas e estat\u00edsticas, n\u00e3o sendo reveladas abertamente nenhuma informa\u00e7\u00e3o pessoal, a menos que autorizada explicitamente.<\/p>\n\n\n\n<p>Funcion\u00e1rios do <strong>N\u00facleo Esp\u00edrita O Semeador<\/strong> poder\u00e3o eventualmente entrar em contato via e-mail ou telefone para fazer pesquisas ou apresentar produtos e servi\u00e7os.<\/p>\n\n\n\n<p>Suas informa\u00e7\u00f5es pessoais ser\u00e3o compartilhadas com nossos parceiros apenas quando a parceria estiver relacionada \u00e0s nossas atividades.<\/p>\n\n\n\n<h3 class=\"wp-block-heading\">Acesso \u00e0s suas informa\u00e7\u00f5es pessoais<\/h3>\n\n\n\n<p>Poder\u00e3o ver suas informa\u00e7\u00f5es pessoais apenas funcion\u00e1rios do <strong>N\u00facleo Esp\u00edrita O Semeador<\/strong> e funcion\u00e1rios de empresas contratadas pelo <strong>N\u00facleo Esp\u00edrita O Semeador<\/strong> para realiza\u00e7\u00e3o de a\u00e7\u00f5es de marketing. Eventualmente, caso a inser\u00e7\u00e3o de suas informa\u00e7\u00f5es se d\u00ea em a\u00e7\u00f5es criadas em parcerias, os parceiros explicitamente identificados tamb\u00e9m ter\u00e3o acesso \u00e0 informa\u00e7\u00e3o. Nenhuma informa\u00e7\u00e3o pessoal poder\u00e1 ser divulgada publicamente.<\/p>\n\n\n\n<p>O <strong>N\u00facleo Esp\u00edrita O Semeador<\/strong> tamb\u00e9m se compromete a n\u00e3o vender, alugar ou repassar suas informa\u00e7\u00f5es para terceiros. A \u00fanica exce\u00e7\u00e3o est\u00e1 em casos em que essas informa\u00e7\u00f5es forem exigidas judicialmente.<\/p>\n\n\n\n<p>Al\u00e9m disso, embora trabalhemos com boas pr\u00e1ticas de prote\u00e7\u00e3o e seguran\u00e7a, nenhum servi\u00e7o web possui 100% de garantia contra invas\u00f5es e n\u00e3o podemos nos responsabilizar caso isso ocorra.<\/p>\n\n\n\n<h3 class=\"wp-block-heading\">Compartilhamento de informa\u00e7\u00f5es nas redes sociais<\/h3>\n\n\n\n<p>Ao clicar nos bot\u00f5es de compartilhamento de conte\u00fado nas m\u00eddias sociais dispon\u00edveis em nossas p\u00e1ginas, o usu\u00e1rio estar\u00e1 publicando o conte\u00fado por meio de seu perfil na rede selecionada. O <strong>N\u00facleo Esp\u00edrita O Semeador<\/strong> n\u00e3o tem acesso ao login e senha dos usu\u00e1rios nessas redes, nem publicar\u00e1 conte\u00fado em nome do usu\u00e1rio sem que ele realize esta a\u00e7\u00e3o.<\/p>\n\n\n\n<h3 class=\"wp-block-heading\">Cancelamento e remo\u00e7\u00e3o das informa\u00e7\u00f5es pessoais de nossos comunicados<\/h3>\n\n\n\n<p>Voc\u00ea pode optar por n\u00e3o receber mais qualquer tipo de e-mail do <strong>N\u00facleo Esp\u00edrita O Semeador<\/strong>.<\/p>\n\n\n\n<p>Em todos os e-mails que enviamos h\u00e1 sempre um link para cancelar a assinatura dispon\u00edvel nas \u00faltimas linhas. Ao clicar nesse link voc\u00ea ser\u00e1 automaticamente removido da lista.<\/p>\n\n\n\n<p>\u00c9 importante mencionar que ao preencher qualquer formul\u00e1rio novamente ficar\u00e1 caracterizada a reinser\u00e7\u00e3o do seu e-mail \u00e0 lista. Portanto, a requisi\u00e7\u00e3o de cancelamento deve ser feita novamente caso seja de seu interesse.<\/p>\n\n\n\n<p>Para alterar suas informa\u00e7\u00f5es pessoais ou mesmo exclu\u00ed-las do nosso banco de dados, basta <a href=\"#\">contactar-nos<\/a>.<\/p>\n\n\n\n<h3 class=\"wp-block-heading\">Mudan\u00e7as a essa Pol\u00edtica de Privacidade<\/h3>\n\n\n\n<p>Essa Pol\u00edtica de Privacidade pode passar por atualiza\u00e7\u00f5es. Desta forma, recomendamos visitar periodicamente esta p\u00e1gina para que voc\u00ea tenha conhecimento sobre as modifica\u00e7\u00f5es.<\/p>\n\n\n\n<h3 class=\"wp-block-heading\">Contato com o <strong>N\u00facleo Esp\u00edrita O Semeador<\/strong><\/h3>\n\n\n\n<p>Qualquer d\u00favida em rela\u00e7\u00e3o \u00e0 nossa pol\u00edtica de privacidade pode ser esclarecida entrando em contato conosco atrav\u00e9s do <a href=\"#\">Formul\u00e1rio de contato<\/a>.<\/p>\n<\/div>\n","protected":false},"excerpt":{"rendered":"<p>O N\u00facleo Esp\u00edrita O Semeador, est\u00e1 comprometida em resguardar sua privacidade. O intuito deste documento \u00e9 esclarecer quais informa\u00e7\u00f5es s\u00e3o coletadas dos usu\u00e1rios do nosso site http:\/\/www.osemeador.org \u2013 e respectivos servi\u00e7os \u2013 e de que forma esses dados s\u00e3o manipulados e utilizados. Esta Pol\u00edtica de Privacidade aplica-se exclusivamente a este site. Ela n\u00e3o se aplica [&hellip;]<\/p>\n","protected":false},"author":1,"featured_media":0,"parent":0,"menu_order":501,"comment_status":"closed","ping_status":"closed","template":"","meta":{"footnotes":""},"class_list":["post-3","page","type-page","status-publish","hentry"],"yoast_head":"<!-- This site is optimized with the Yoast SEO plugin v26.3 - https:\/\/yoast.com\/wordpress\/plugins\/seo\/ -->\n<title>Pol\u00edtica de privacidade - O Semeador<\/title>\n<meta name=\"robots\" content=\"noindex, follow, max-snippet:-1, max-image-preview:large, max-video-preview:-1\" \/>\n<meta property=\"og:locale\" content=\"pt_BR\" \/>\n<meta property=\"og:type\" content=\"article\" \/>\n<meta property=\"og:title\" content=\"Pol\u00edtica de privacidade - O Semeador\" \/>\n<meta property=\"og:description\" content=\"O N\u00facleo Esp\u00edrita O Semeador, est\u00e1 comprometida em resguardar sua privacidade. O intuito deste documento \u00e9 esclarecer quais informa\u00e7\u00f5es s\u00e3o coletadas dos usu\u00e1rios do nosso site http:\/\/www.osemeador.org \u2013 e respectivos servi\u00e7os \u2013 e de que forma esses dados s\u00e3o manipulados e utilizados. Esta Pol\u00edtica de Privacidade aplica-se exclusivamente a este site. Ela n\u00e3o se aplica [&hellip;]\" \/>\n<meta property=\"og:url\" content=\"https:\/\/qd.dev.br\/o-semeador-2025\/politica-de-privacidade\/\" \/>\n<meta property=\"og:site_name\" content=\"O Semeador\" \/>\n<meta property=\"article:modified_time\" content=\"2025-11-07T11:41:02+00:00\" \/>\n<meta name=\"twitter:card\" content=\"summary_large_image\" \/>\n<meta name=\"twitter:label1\" content=\"Est. tempo de leitura\" \/>\n\t<meta name=\"twitter:data1\" content=\"6 minutos\" \/>\n<script type=\"application\/ld+json\" class=\"yoast-schema-graph\">{\"@context\":\"https:\/\/schema.org\",\"@graph\":[{\"@type\":\"WebPage\",\"@id\":\"https:\/\/qd.dev.br\/o-semeador-2025\/politica-de-privacidade\/\",\"url\":\"https:\/\/qd.dev.br\/o-semeador-2025\/politica-de-privacidade\/\",\"name\":\"Pol\u00edtica de privacidade - O Semeador\",\"isPartOf\":{\"@id\":\"https:\/\/qd.dev.br\/o-semeador-2025\/#website\"},\"datePublished\":\"2025-10-31T18:03:28+00:00\",\"dateModified\":\"2025-11-07T11:41:02+00:00\",\"breadcrumb\":{\"@id\":\"https:\/\/qd.dev.br\/o-semeador-2025\/politica-de-privacidade\/#breadcrumb\"},\"inLanguage\":\"pt-BR\",\"potentialAction\":[{\"@type\":\"ReadAction\",\"target\":[\"https:\/\/qd.dev.br\/o-semeador-2025\/politica-de-privacidade\/\"]}]},{\"@type\":\"BreadcrumbList\",\"@id\":\"https:\/\/qd.dev.br\/o-semeador-2025\/politica-de-privacidade\/#breadcrumb\",\"itemListElement\":[{\"@type\":\"ListItem\",\"position\":1,\"name\":\"In\u00edcio\",\"item\":\"https:\/\/qd.dev.br\/o-semeador-2025\/\"},{\"@type\":\"ListItem\",\"position\":2,\"name\":\"Pol\u00edtica de privacidade\"}]},{\"@type\":\"WebSite\",\"@id\":\"https:\/\/qd.dev.br\/o-semeador-2025\/#website\",\"url\":\"https:\/\/qd.dev.br\/o-semeador-2025\/\",\"name\":\"O Semeador\",\"description\":\"\",\"potentialAction\":[{\"@type\":\"SearchAction\",\"target\":{\"@type\":\"EntryPoint\",\"urlTemplate\":\"https:\/\/qd.dev.br\/o-semeador-2025\/?s={search_term_string}\"},\"query-input\":{\"@type\":\"PropertyValueSpecification\",\"valueRequired\":true,\"valueName\":\"search_term_string\"}}],\"inLanguage\":\"pt-BR\"}]}<\/script>\n<!-- \/ Yoast SEO plugin. -->","yoast_head_json":{"title":"Pol\u00edtica de privacidade - O Semeador","robots":{"index":"noindex","follow":"follow","max-snippet":"max-snippet:-1","max-image-preview":"max-image-preview:large","max-video-preview":"max-video-preview:-1"},"og_locale":"pt_BR","og_type":"article","og_title":"Pol\u00edtica de privacidade - O Semeador","og_description":"O N\u00facleo Esp\u00edrita O Semeador, est\u00e1 comprometida em resguardar sua privacidade. O intuito deste documento \u00e9 esclarecer quais informa\u00e7\u00f5es s\u00e3o coletadas dos usu\u00e1rios do nosso site http:\/\/www.osemeador.org \u2013 e respectivos servi\u00e7os \u2013 e de que forma esses dados s\u00e3o manipulados e utilizados. Esta Pol\u00edtica de Privacidade aplica-se exclusivamente a este site. Ela n\u00e3o se aplica [&hellip;]","og_url":"https:\/\/qd.dev.br\/o-semeador-2025\/politica-de-privacidade\/","og_site_name":"O Semeador","article_modified_time":"2025-11-07T11:41:02+00:00","twitter_card":"summary_large_image","twitter_misc":{"Est. tempo de leitura":"6 minutos"},"schema":{"@context":"https:\/\/schema.org","@graph":[{"@type":"WebPage","@id":"https:\/\/qd.dev.br\/o-semeador-2025\/politica-de-privacidade\/","url":"https:\/\/qd.dev.br\/o-semeador-2025\/politica-de-privacidade\/","name":"Pol\u00edtica de privacidade - O Semeador","isPartOf":{"@id":"https:\/\/qd.dev.br\/o-semeador-2025\/#website"},"datePublished":"2025-10-31T18:03:28+00:00","dateModified":"2025-11-07T11:41:02+00:00","breadcrumb":{"@id":"https:\/\/qd.dev.br\/o-semeador-2025\/politica-de-privacidade\/#breadcrumb"},"inLanguage":"pt-BR","potentialAction":[{"@type":"ReadAction","target":["https:\/\/qd.dev.br\/o-semeador-2025\/politica-de-privacidade\/"]}]},{"@type":"BreadcrumbList","@id":"https:\/\/qd.dev.br\/o-semeador-2025\/politica-de-privacidade\/#breadcrumb","itemListElement":[{"@type":"ListItem","position":1,"name":"In\u00edcio","item":"https:\/\/qd.dev.br\/o-semeador-2025\/"},{"@type":"ListItem","position":2,"name":"Pol\u00edtica de privacidade"}]},{"@type":"WebSite","@id":"https:\/\/qd.dev.br\/o-semeador-2025\/#website","url":"https:\/\/qd.dev.br\/o-semeador-2025\/","name":"O Semeador","description":"","potentialAction":[{"@type":"SearchAction","target":{"@type":"EntryPoint","urlTemplate":"https:\/\/qd.dev.br\/o-semeador-2025\/?s={search_term_string}"},"query-input":{"@type":"PropertyValueSpecification","valueRequired":true,"valueName":"search_term_string"}}],"inLanguage":"pt-BR"}]}},"_links":{"self":[{"href":"https:\/\/qd.dev.br\/o-semeador-2025\/wp-json\/wp\/v2\/pages\/3","targetHints":{"allow":["GET"]}}],"collection":[{"href":"https:\/\/qd.dev.br\/o-semeador-2025\/wp-json\/wp\/v2\/pages"}],"about":[{"href":"https:\/\/qd.dev.br\/o-semeador-2025\/wp-json\/wp\/v2\/types\/page"}],"author":[{"embeddable":true,"href":"https:\/\/qd.dev.br\/o-semeador-2025\/wp-json\/wp\/v2\/users\/1"}],"replies":[{"embeddable":true,"href":"https:\/\/qd.dev.br\/o-semeador-2025\/wp-json\/wp\/v2\/comments?post=3"}],"version-history":[{"count":2,"href":"https:\/\/qd.dev.br\/o-semeador-2025\/wp-json\/wp\/v2\/pages\/3\/revisions"}],"predecessor-version":[{"id":12,"href":"https:\/\/qd.dev.br\/o-semeador-2025\/wp-json\/wp\/v2\/pages\/3\/revisions\/12"}],"wp:attachment":[{"href":"https:\/\/qd.dev.br\/o-semeador-2025\/wp-json\/wp\/v2\/media?parent=3"}],"curies":[{"name":"wp","href":"https:\/\/api.w.org\/{rel}","templated":true}]}}