{"id":2,"date":"2025-10-31T15:03:28","date_gmt":"2025-10-31T18:03:28","guid":{"rendered":"https:\/\/qd.dev.br\/o-semeador-2025\/?page_id=2"},"modified":"2025-11-27T15:17:31","modified_gmt":"2025-11-27T18:17:31","slug":"nucleo-espirita-o-semeador-abc","status":"publish","type":"page","link":"https:\/\/qd.dev.br\/o-semeador-2025\/","title":{"rendered":"Home"},"content":{"rendered":"\n<div class=\"wp-block-group alignfull qd-home-slider-img has-global-padding is-layout-constrained wp-container-core-group-is-layout-11c1ca01 wp-block-group-is-layout-constrained has-background\" style=\"padding-right:var(--wp--preset--spacing--50);padding-left:var(--wp--preset--spacing--50);background-image:url(&apos;https:\/\/qd.dev.br\/o-semeador-2025\/wp-content\/uploads\/2025\/11\/Home-Hero-01-Semeador-Nucleo-Espirita-Santo-Andre-1.webp&apos;);background-size:cover;\">\n<div class=\"wp-block-group alignfull is-horizontal is-content-justification-center is-layout-flex wp-container-core-group-is-layout-22134dc1 wp-block-group-is-layout-flex\" style=\"min-height:450px;padding-top:var(--wp--preset--spacing--60);padding-bottom:var(--wp--preset--spacing--60)\">\n<div class=\"wp-block-columns is-layout-flex wp-container-core-columns-is-layout-28f84493 wp-block-columns-is-layout-flex\">\n<div class=\"wp-block-column is-layout-flow wp-block-column-is-layout-flow\" style=\"flex-basis:50%\"><\/div>\n\n\n\n<div class=\"wp-block-column is-layout-flow wp-block-column-is-layout-flow\" style=\"flex-basis:50%\">\n<h2 class=\"wp-block-heading\" style=\"font-size:1.8em\">Somos uma&nbsp;<strong>organiza\u00e7\u00e3o esp\u00edrita<\/strong>&nbsp;que segue a filosofia de Allan Kardec (que envolve a parte filos\u00f3fica, cient\u00edfica e religiosa). Nosso objetivo \u00e9&nbsp;<strong>apoiar o desenvolvimento humano e espiritual<\/strong>&nbsp;de todos.<\/h2>\n\n\n\n<div class=\"wp-block-buttons is-layout-flex wp-block-buttons-is-layout-flex\">\n<div class=\"wp-block-button\"><a class=\"wp-block-button__link wp-element-button\" href=\"https:\/\/qd.dev.br\/o-semeador-2025\/nucleo-espirita-o-semeador\/\">Saiba mais &gt;&gt;<\/a><\/div>\n<\/div>\n<\/div>\n<\/div>\n<\/div>\n<\/div>\n\n\n\n<div class=\"wp-block-group has-global-padding is-layout-constrained wp-block-group-is-layout-constrained\" style=\"padding-top:var(--wp--preset--spacing--60);padding-bottom:var(--wp--preset--spacing--60)\">\n<h2 class=\"wp-block-heading has-text-align-center\">Atividades<\/h2>\n\n\n\n<div class=\"wp-block-columns is-layout-flex wp-container-core-columns-is-layout-28f84493 wp-block-columns-is-layout-flex\">\n<div class=\"wp-block-column is-layout-flow wp-block-column-is-layout-flow\">\n<figure class=\"wp-block-image size-large\"><img loading=\"lazy\" decoding=\"async\" width=\"1024\" height=\"683\" src=\"https:\/\/qd.dev.br\/o-semeador-2025\/wp-content\/uploads\/2025\/11\/ilustra-home-Grupos-Estudos-1024x683.png\" alt=\"\" class=\"wp-image-125\" srcset=\"https:\/\/qd.dev.br\/o-semeador-2025\/wp-content\/uploads\/2025\/11\/ilustra-home-Grupos-Estudos-1024x683.png 1024w, https:\/\/qd.dev.br\/o-semeador-2025\/wp-content\/uploads\/2025\/11\/ilustra-home-Grupos-Estudos-300x200.png 300w, https:\/\/qd.dev.br\/o-semeador-2025\/wp-content\/uploads\/2025\/11\/ilustra-home-Grupos-Estudos-768x512.png 768w, https:\/\/qd.dev.br\/o-semeador-2025\/wp-content\/uploads\/2025\/11\/ilustra-home-Grupos-Estudos-600x400.png 600w, https:\/\/qd.dev.br\/o-semeador-2025\/wp-content\/uploads\/2025\/11\/ilustra-home-Grupos-Estudos-900x600.png 900w, https:\/\/qd.dev.br\/o-semeador-2025\/wp-content\/uploads\/2025\/11\/ilustra-home-Grupos-Estudos-400x267.png 400w, https:\/\/qd.dev.br\/o-semeador-2025\/wp-content\/uploads\/2025\/11\/ilustra-home-Grupos-Estudos-800x533.png 800w, https:\/\/qd.dev.br\/o-semeador-2025\/wp-content\/uploads\/2025\/11\/ilustra-home-Grupos-Estudos.png 1200w\" sizes=\"auto, (max-width: 1024px) 100vw, 1024px\" \/><\/figure>\n\n\n\n<h3 class=\"wp-block-heading has-text-align-center\">Grupo de Estudos<\/h3>\n\n\n\n<p class=\"has-text-align-center\">Participe de nossos Grupos de estudos* da doutrina Esp\u00edrita, veja nossos hor\u00e1rios e participe!<\/p>\n\n\n\n<div class=\"wp-block-group has-global-padding is-layout-constrained wp-block-group-is-layout-constrained\">\n<p class=\"has-text-align-center\"><strong class=\"qd-data-destaque\">Segundas \u2013 20h<\/strong>&nbsp;<strong class=\"qd-data-destaque\">Ter\u00e7as \u2013 20h<\/strong>&nbsp;<strong class=\"qd-data-destaque\">S\u00e1bados \u2013 8h<\/strong><\/p>\n<\/div>\n<\/div>\n\n\n\n<div class=\"wp-block-column is-layout-flow wp-block-column-is-layout-flow\">\n<figure class=\"wp-block-image size-large\"><img loading=\"lazy\" decoding=\"async\" width=\"1024\" height=\"683\" src=\"https:\/\/qd.dev.br\/o-semeador-2025\/wp-content\/uploads\/2025\/11\/ilustra-home-Evang-Infantil-1024x683.png\" alt=\"\" class=\"wp-image-124\" srcset=\"https:\/\/qd.dev.br\/o-semeador-2025\/wp-content\/uploads\/2025\/11\/ilustra-home-Evang-Infantil-1024x683.png 1024w, https:\/\/qd.dev.br\/o-semeador-2025\/wp-content\/uploads\/2025\/11\/ilustra-home-Evang-Infantil-300x200.png 300w, https:\/\/qd.dev.br\/o-semeador-2025\/wp-content\/uploads\/2025\/11\/ilustra-home-Evang-Infantil-768x512.png 768w, https:\/\/qd.dev.br\/o-semeador-2025\/wp-content\/uploads\/2025\/11\/ilustra-home-Evang-Infantil-600x400.png 600w, https:\/\/qd.dev.br\/o-semeador-2025\/wp-content\/uploads\/2025\/11\/ilustra-home-Evang-Infantil-900x600.png 900w, https:\/\/qd.dev.br\/o-semeador-2025\/wp-content\/uploads\/2025\/11\/ilustra-home-Evang-Infantil-400x267.png 400w, https:\/\/qd.dev.br\/o-semeador-2025\/wp-content\/uploads\/2025\/11\/ilustra-home-Evang-Infantil-800x533.png 800w, https:\/\/qd.dev.br\/o-semeador-2025\/wp-content\/uploads\/2025\/11\/ilustra-home-Evang-Infantil.png 1200w\" sizes=\"auto, (max-width: 1024px) 100vw, 1024px\" \/><\/figure>\n\n\n\n<h3 class=\"wp-block-heading has-text-align-center\">Evangeliza\u00e7\u00e3o infantil<\/h3>\n\n\n\n<p class=\"has-text-align-center\">Os grupos de evangeliza\u00e7\u00e3o infantil atendem crian\u00e7as de 2 a 13 anos, divididas por faixa et\u00e1ria: de 2 a 6 anos e de 7 a 13 anos.<\/p>\n\n\n\n<p class=\"has-text-align-center\"><strong class=\"qd-data-destaque\">S\u00e1bados \u2013 10h<\/strong><\/p>\n<\/div>\n\n\n\n<div class=\"wp-block-column is-layout-flow wp-block-column-is-layout-flow\">\n<figure class=\"wp-block-image size-large\"><img loading=\"lazy\" decoding=\"async\" width=\"1024\" height=\"683\" src=\"https:\/\/qd.dev.br\/o-semeador-2025\/wp-content\/uploads\/2025\/11\/ilustra-home-Jovens-1024x683.png\" alt=\"\" class=\"wp-image-127\" srcset=\"https:\/\/qd.dev.br\/o-semeador-2025\/wp-content\/uploads\/2025\/11\/ilustra-home-Jovens-1024x683.png 1024w, https:\/\/qd.dev.br\/o-semeador-2025\/wp-content\/uploads\/2025\/11\/ilustra-home-Jovens-300x200.png 300w, https:\/\/qd.dev.br\/o-semeador-2025\/wp-content\/uploads\/2025\/11\/ilustra-home-Jovens-768x512.png 768w, https:\/\/qd.dev.br\/o-semeador-2025\/wp-content\/uploads\/2025\/11\/ilustra-home-Jovens-600x400.png 600w, https:\/\/qd.dev.br\/o-semeador-2025\/wp-content\/uploads\/2025\/11\/ilustra-home-Jovens-900x600.png 900w, https:\/\/qd.dev.br\/o-semeador-2025\/wp-content\/uploads\/2025\/11\/ilustra-home-Jovens-400x267.png 400w, https:\/\/qd.dev.br\/o-semeador-2025\/wp-content\/uploads\/2025\/11\/ilustra-home-Jovens-800x533.png 800w, https:\/\/qd.dev.br\/o-semeador-2025\/wp-content\/uploads\/2025\/11\/ilustra-home-Jovens.png 1200w\" sizes=\"auto, (max-width: 1024px) 100vw, 1024px\" \/><\/figure>\n\n\n\n<h3 class=\"wp-block-heading has-text-align-center\">Grupo de Jovens<\/h3>\n\n\n\n<p class=\"has-text-align-center\">Participe de nossos Grupos de estudos* da doutrina Esp\u00edrita, veja nossos hor\u00e1rios e participe!<\/p>\n\n\n\n<p class=\"has-text-align-center\"><strong class=\"qd-data-destaque\">S\u00e1bados \u2013 9h<\/strong><\/p>\n<\/div>\n<\/div>\n\n\n\n<div class=\"wp-block-columns is-layout-flex wp-container-core-columns-is-layout-28f84493 wp-block-columns-is-layout-flex\">\n<div class=\"wp-block-column is-layout-flow wp-block-column-is-layout-flow\">\n<figure class=\"wp-block-image size-large\"><img loading=\"lazy\" decoding=\"async\" width=\"1024\" height=\"683\" src=\"https:\/\/qd.dev.br\/o-semeador-2025\/wp-content\/uploads\/2025\/11\/ilustra-home-Palestras-1024x683.png\" alt=\"\" class=\"wp-image-128\" srcset=\"https:\/\/qd.dev.br\/o-semeador-2025\/wp-content\/uploads\/2025\/11\/ilustra-home-Palestras-1024x683.png 1024w, https:\/\/qd.dev.br\/o-semeador-2025\/wp-content\/uploads\/2025\/11\/ilustra-home-Palestras-300x200.png 300w, https:\/\/qd.dev.br\/o-semeador-2025\/wp-content\/uploads\/2025\/11\/ilustra-home-Palestras-768x512.png 768w, https:\/\/qd.dev.br\/o-semeador-2025\/wp-content\/uploads\/2025\/11\/ilustra-home-Palestras-600x400.png 600w, https:\/\/qd.dev.br\/o-semeador-2025\/wp-content\/uploads\/2025\/11\/ilustra-home-Palestras-900x600.png 900w, https:\/\/qd.dev.br\/o-semeador-2025\/wp-content\/uploads\/2025\/11\/ilustra-home-Palestras-400x267.png 400w, https:\/\/qd.dev.br\/o-semeador-2025\/wp-content\/uploads\/2025\/11\/ilustra-home-Palestras-800x533.png 800w, https:\/\/qd.dev.br\/o-semeador-2025\/wp-content\/uploads\/2025\/11\/ilustra-home-Palestras.png 1200w\" sizes=\"auto, (max-width: 1024px) 100vw, 1024px\" \/><\/figure>\n\n\n\n<h3 class=\"wp-block-heading has-text-align-center\">Reuni\u00f5es P\u00fablicas<\/h3>\n\n\n\n<p class=\"has-text-align-center\">As reuni\u00f5es p\u00fablicas s\u00e3o palestras abertas a todos as pessoas seguidas de fluidoterapia* e ocorrem nos seguintes dias e hor\u00e1rios<\/p>\n\n\n\n<p class=\"has-text-align-center\"><strong class=\"qd-data-destaque\">Quartas \u2013 20h30<\/strong>&nbsp;<strong class=\"qd-data-destaque\">S\u00e1bados \u2013 10h<\/strong><\/p>\n<\/div>\n\n\n\n<div class=\"wp-block-column is-layout-flow wp-block-column-is-layout-flow\">\n<figure class=\"wp-block-image size-large\"><img loading=\"lazy\" decoding=\"async\" width=\"1024\" height=\"683\" src=\"https:\/\/qd.dev.br\/o-semeador-2025\/wp-content\/uploads\/2025\/11\/ilustra-home-Atend-fraterno-1024x683.png\" alt=\"\" class=\"wp-image-123\" srcset=\"https:\/\/qd.dev.br\/o-semeador-2025\/wp-content\/uploads\/2025\/11\/ilustra-home-Atend-fraterno-1024x683.png 1024w, https:\/\/qd.dev.br\/o-semeador-2025\/wp-content\/uploads\/2025\/11\/ilustra-home-Atend-fraterno-300x200.png 300w, https:\/\/qd.dev.br\/o-semeador-2025\/wp-content\/uploads\/2025\/11\/ilustra-home-Atend-fraterno-768x512.png 768w, https:\/\/qd.dev.br\/o-semeador-2025\/wp-content\/uploads\/2025\/11\/ilustra-home-Atend-fraterno-600x400.png 600w, https:\/\/qd.dev.br\/o-semeador-2025\/wp-content\/uploads\/2025\/11\/ilustra-home-Atend-fraterno-900x600.png 900w, https:\/\/qd.dev.br\/o-semeador-2025\/wp-content\/uploads\/2025\/11\/ilustra-home-Atend-fraterno-400x267.png 400w, https:\/\/qd.dev.br\/o-semeador-2025\/wp-content\/uploads\/2025\/11\/ilustra-home-Atend-fraterno-800x533.png 800w, https:\/\/qd.dev.br\/o-semeador-2025\/wp-content\/uploads\/2025\/11\/ilustra-home-Atend-fraterno.png 1200w\" sizes=\"auto, (max-width: 1024px) 100vw, 1024px\" \/><\/figure>\n\n\n\n<h3 class=\"wp-block-heading has-text-align-center\">Atendimento Fraterno<\/h3>\n\n\n\n<p class=\"has-text-align-center\">O atendimento fraterno individual \u00e9 realizado na casa para qualquer pessoa que necessite de uma orienta\u00e7\u00e3o sobre a doutrina<\/p>\n\n\n\n<p class=\"has-text-align-center\"><strong class=\"qd-data-destaque\">Quartas \u2013 20h30<\/strong>&nbsp;<strong class=\"qd-data-destaque\">S\u00e1bados \u2013 10h<\/strong><\/p>\n<\/div>\n\n\n\n<div class=\"wp-block-column is-layout-flow wp-block-column-is-layout-flow\">\n<figure class=\"wp-block-image size-large\"><img loading=\"lazy\" decoding=\"async\" width=\"1024\" height=\"683\" src=\"https:\/\/qd.dev.br\/o-semeador-2025\/wp-content\/uploads\/2025\/11\/ilustra-home-Harmonizacao-1024x683.png\" alt=\"\" class=\"wp-image-126\" srcset=\"https:\/\/qd.dev.br\/o-semeador-2025\/wp-content\/uploads\/2025\/11\/ilustra-home-Harmonizacao-1024x683.png 1024w, https:\/\/qd.dev.br\/o-semeador-2025\/wp-content\/uploads\/2025\/11\/ilustra-home-Harmonizacao-300x200.png 300w, https:\/\/qd.dev.br\/o-semeador-2025\/wp-content\/uploads\/2025\/11\/ilustra-home-Harmonizacao-768x512.png 768w, https:\/\/qd.dev.br\/o-semeador-2025\/wp-content\/uploads\/2025\/11\/ilustra-home-Harmonizacao-600x400.png 600w, https:\/\/qd.dev.br\/o-semeador-2025\/wp-content\/uploads\/2025\/11\/ilustra-home-Harmonizacao-900x600.png 900w, https:\/\/qd.dev.br\/o-semeador-2025\/wp-content\/uploads\/2025\/11\/ilustra-home-Harmonizacao-400x267.png 400w, https:\/\/qd.dev.br\/o-semeador-2025\/wp-content\/uploads\/2025\/11\/ilustra-home-Harmonizacao-800x533.png 800w, https:\/\/qd.dev.br\/o-semeador-2025\/wp-content\/uploads\/2025\/11\/ilustra-home-Harmonizacao.png 1200w\" sizes=\"auto, (max-width: 1024px) 100vw, 1024px\" \/><\/figure>\n\n\n\n<h3 class=\"wp-block-heading has-text-align-center\">Encontro de harmoniza\u00e7\u00e3o familiar<\/h3>\n\n\n\n<p class=\"has-text-align-center\">No encontro de harmoniza\u00e7\u00e3o s\u00e3o tratados temas espec\u00edficos sobre problemas do cotidiano e das rela\u00e7\u00f5es familiares<\/p>\n\n\n\n<p class=\"has-text-align-center\"><strong class=\"qd-data-destaque\">Terceiro domingo do m\u00eas \u2013 10h30<\/strong><\/p>\n<\/div>\n<\/div>\n<\/div>\n\n\n\n<p class=\"has-text-align-center\">*Grupo de estudos e fluidoterapia requerem inscri\u00e7\u00e3o pr\u00e9via pelo telefone (11) 93339-8886<\/p>\n","protected":false},"excerpt":{"rendered":"<p>Somos uma&nbsp;organiza\u00e7\u00e3o esp\u00edrita&nbsp;que segue a filosofia de Allan Kardec (que envolve a parte filos\u00f3fica, cient\u00edfica e religiosa). Nosso objetivo \u00e9&nbsp;apoiar o desenvolvimento humano e espiritual&nbsp;de todos. Atividades Grupo de Estudos Participe de nossos Grupos de estudos* da doutrina Esp\u00edrita, veja nossos hor\u00e1rios e participe! Segundas \u2013 20h&nbsp;Ter\u00e7as \u2013 20h&nbsp;S\u00e1bados \u2013 8h Evangeliza\u00e7\u00e3o infantil Os grupos [&hellip;]<\/p>\n","protected":false},"author":1,"featured_media":0,"parent":0,"menu_order":10,"comment_status":"closed","ping_status":"closed","template":"","meta":{"footnotes":""},"class_list":["post-2","page","type-page","status-publish","hentry"],"yoast_head":"<!-- This site is optimized with the Yoast SEO plugin v26.3 - https:\/\/yoast.com\/wordpress\/plugins\/seo\/ -->\n<title>Home - O Semeador<\/title>\n<meta name=\"robots\" content=\"noindex, follow, max-snippet:-1, max-image-preview:large, max-video-preview:-1\" \/>\n<meta property=\"og:locale\" content=\"pt_BR\" \/>\n<meta property=\"og:type\" content=\"article\" \/>\n<meta property=\"og:title\" content=\"Home - O Semeador\" \/>\n<meta property=\"og:description\" content=\"Somos uma&nbsp;organiza\u00e7\u00e3o esp\u00edrita&nbsp;que segue a filosofia de Allan Kardec (que envolve a parte filos\u00f3fica, cient\u00edfica e religiosa). Nosso objetivo \u00e9&nbsp;apoiar o desenvolvimento humano e espiritual&nbsp;de todos. Atividades Grupo de Estudos Participe de nossos Grupos de estudos* da doutrina Esp\u00edrita, veja nossos hor\u00e1rios e participe! Segundas \u2013 20h&nbsp;Ter\u00e7as \u2013 20h&nbsp;S\u00e1bados \u2013 8h Evangeliza\u00e7\u00e3o infantil Os grupos [&hellip;]\" \/>\n<meta property=\"og:url\" content=\"https:\/\/qd.dev.br\/o-semeador-2025\/\" \/>\n<meta property=\"og:site_name\" content=\"O Semeador\" \/>\n<meta property=\"article:modified_time\" content=\"2025-11-27T18:17:31+00:00\" \/>\n<meta property=\"og:image\" content=\"https:\/\/qd.dev.br\/o-semeador-2025\/wp-content\/uploads\/2025\/11\/og-image-Semeador-Nucleo-Espirita-Santo-Andre.webp\" \/>\n\t<meta property=\"og:image:width\" content=\"1200\" \/>\n\t<meta property=\"og:image:height\" content=\"630\" \/>\n\t<meta property=\"og:image:type\" content=\"image\/webp\" \/>\n<meta name=\"twitter:card\" content=\"summary_large_image\" \/>\n<meta name=\"twitter:label1\" content=\"Est. tempo de leitura\" \/>\n\t<meta name=\"twitter:data1\" content=\"3 minutos\" \/>\n<script type=\"application\/ld+json\" class=\"yoast-schema-graph\">{\"@context\":\"https:\/\/schema.org\",\"@graph\":[{\"@type\":\"WebPage\",\"@id\":\"https:\/\/qd.dev.br\/o-semeador-2025\/\",\"url\":\"https:\/\/qd.dev.br\/o-semeador-2025\/\",\"name\":\"Home - O Semeador\",\"isPartOf\":{\"@id\":\"https:\/\/qd.dev.br\/o-semeador-2025\/#website\"},\"primaryImageOfPage\":{\"@id\":\"https:\/\/qd.dev.br\/o-semeador-2025\/#primaryimage\"},\"image\":{\"@id\":\"https:\/\/qd.dev.br\/o-semeador-2025\/#primaryimage\"},\"thumbnailUrl\":\"https:\/\/qd.dev.br\/o-semeador-2025\/wp-content\/uploads\/2025\/11\/ilustra-home-Grupos-Estudos-1024x683.png\",\"datePublished\":\"2025-10-31T18:03:28+00:00\",\"dateModified\":\"2025-11-27T18:17:31+00:00\",\"breadcrumb\":{\"@id\":\"https:\/\/qd.dev.br\/o-semeador-2025\/#breadcrumb\"},\"inLanguage\":\"pt-BR\",\"potentialAction\":[{\"@type\":\"ReadAction\",\"target\":[\"https:\/\/qd.dev.br\/o-semeador-2025\/\"]}]},{\"@type\":\"ImageObject\",\"inLanguage\":\"pt-BR\",\"@id\":\"https:\/\/qd.dev.br\/o-semeador-2025\/#primaryimage\",\"url\":\"https:\/\/qd.dev.br\/o-semeador-2025\/wp-content\/uploads\/2025\/11\/ilustra-home-Grupos-Estudos.png\",\"contentUrl\":\"https:\/\/qd.dev.br\/o-semeador-2025\/wp-content\/uploads\/2025\/11\/ilustra-home-Grupos-Estudos.png\",\"width\":1200,\"height\":800},{\"@type\":\"BreadcrumbList\",\"@id\":\"https:\/\/qd.dev.br\/o-semeador-2025\/#breadcrumb\",\"itemListElement\":[{\"@type\":\"ListItem\",\"position\":1,\"name\":\"In\u00edcio\",\"item\":\"https:\/\/qd.dev.br\/o-semeador-2025\/\"},{\"@type\":\"ListItem\",\"position\":2,\"name\":\"Home\"}]},{\"@type\":\"WebSite\",\"@id\":\"https:\/\/qd.dev.br\/o-semeador-2025\/#website\",\"url\":\"https:\/\/qd.dev.br\/o-semeador-2025\/\",\"name\":\"O Semeador\",\"description\":\"\",\"potentialAction\":[{\"@type\":\"SearchAction\",\"target\":{\"@type\":\"EntryPoint\",\"urlTemplate\":\"https:\/\/qd.dev.br\/o-semeador-2025\/?s={search_term_string}\"},\"query-input\":{\"@type\":\"PropertyValueSpecification\",\"valueRequired\":true,\"valueName\":\"search_term_string\"}}],\"inLanguage\":\"pt-BR\"}]}<\/script>\n<!-- \/ Yoast SEO plugin. -->","yoast_head_json":{"title":"Home - O Semeador","robots":{"index":"noindex","follow":"follow","max-snippet":"max-snippet:-1","max-image-preview":"max-image-preview:large","max-video-preview":"max-video-preview:-1"},"og_locale":"pt_BR","og_type":"article","og_title":"Home - O Semeador","og_description":"Somos uma&nbsp;organiza\u00e7\u00e3o esp\u00edrita&nbsp;que segue a filosofia de Allan Kardec (que envolve a parte filos\u00f3fica, cient\u00edfica e religiosa). Nosso objetivo \u00e9&nbsp;apoiar o desenvolvimento humano e espiritual&nbsp;de todos. Atividades Grupo de Estudos Participe de nossos Grupos de estudos* da doutrina Esp\u00edrita, veja nossos hor\u00e1rios e participe! Segundas \u2013 20h&nbsp;Ter\u00e7as \u2013 20h&nbsp;S\u00e1bados \u2013 8h Evangeliza\u00e7\u00e3o infantil Os grupos [&hellip;]","og_url":"https:\/\/qd.dev.br\/o-semeador-2025\/","og_site_name":"O Semeador","article_modified_time":"2025-11-27T18:17:31+00:00","og_image":[{"width":1200,"height":630,"url":"https:\/\/qd.dev.br\/o-semeador-2025\/wp-content\/uploads\/2025\/11\/og-image-Semeador-Nucleo-Espirita-Santo-Andre.webp","type":"image\/webp"}],"twitter_card":"summary_large_image","twitter_misc":{"Est. tempo de leitura":"3 minutos"},"schema":{"@context":"https:\/\/schema.org","@graph":[{"@type":"WebPage","@id":"https:\/\/qd.dev.br\/o-semeador-2025\/","url":"https:\/\/qd.dev.br\/o-semeador-2025\/","name":"Home - O Semeador","isPartOf":{"@id":"https:\/\/qd.dev.br\/o-semeador-2025\/#website"},"primaryImageOfPage":{"@id":"https:\/\/qd.dev.br\/o-semeador-2025\/#primaryimage"},"image":{"@id":"https:\/\/qd.dev.br\/o-semeador-2025\/#primaryimage"},"thumbnailUrl":"https:\/\/qd.dev.br\/o-semeador-2025\/wp-content\/uploads\/2025\/11\/ilustra-home-Grupos-Estudos-1024x683.png","datePublished":"2025-10-31T18:03:28+00:00","dateModified":"2025-11-27T18:17:31+00:00","breadcrumb":{"@id":"https:\/\/qd.dev.br\/o-semeador-2025\/#breadcrumb"},"inLanguage":"pt-BR","potentialAction":[{"@type":"ReadAction","target":["https:\/\/qd.dev.br\/o-semeador-2025\/"]}]},{"@type":"ImageObject","inLanguage":"pt-BR","@id":"https:\/\/qd.dev.br\/o-semeador-2025\/#primaryimage","url":"https:\/\/qd.dev.br\/o-semeador-2025\/wp-content\/uploads\/2025\/11\/ilustra-home-Grupos-Estudos.png","contentUrl":"https:\/\/qd.dev.br\/o-semeador-2025\/wp-content\/uploads\/2025\/11\/ilustra-home-Grupos-Estudos.png","width":1200,"height":800},{"@type":"BreadcrumbList","@id":"https:\/\/qd.dev.br\/o-semeador-2025\/#breadcrumb","itemListElement":[{"@type":"ListItem","position":1,"name":"In\u00edcio","item":"https:\/\/qd.dev.br\/o-semeador-2025\/"},{"@type":"ListItem","position":2,"name":"Home"}]},{"@type":"WebSite","@id":"https:\/\/qd.dev.br\/o-semeador-2025\/#website","url":"https:\/\/qd.dev.br\/o-semeador-2025\/","name":"O Semeador","description":"","potentialAction":[{"@type":"SearchAction","target":{"@type":"EntryPoint","urlTemplate":"https:\/\/qd.dev.br\/o-semeador-2025\/?s={search_term_string}"},"query-input":{"@type":"PropertyValueSpecification","valueRequired":true,"valueName":"search_term_string"}}],"inLanguage":"pt-BR"}]}},"_links":{"self":[{"href":"https:\/\/qd.dev.br\/o-semeador-2025\/wp-json\/wp\/v2\/pages\/2","targetHints":{"allow":["GET"]}}],"collection":[{"href":"https:\/\/qd.dev.br\/o-semeador-2025\/wp-json\/wp\/v2\/pages"}],"about":[{"href":"https:\/\/qd.dev.br\/o-semeador-2025\/wp-json\/wp\/v2\/types\/page"}],"author":[{"embeddable":true,"href":"https:\/\/qd.dev.br\/o-semeador-2025\/wp-json\/wp\/v2\/users\/1"}],"replies":[{"embeddable":true,"href":"https:\/\/qd.dev.br\/o-semeador-2025\/wp-json\/wp\/v2\/comments?post=2"}],"version-history":[{"count":21,"href":"https:\/\/qd.dev.br\/o-semeador-2025\/wp-json\/wp\/v2\/pages\/2\/revisions"}],"predecessor-version":[{"id":194,"href":"https:\/\/qd.dev.br\/o-semeador-2025\/wp-json\/wp\/v2\/pages\/2\/revisions\/194"}],"wp:attachment":[{"href":"https:\/\/qd.dev.br\/o-semeador-2025\/wp-json\/wp\/v2\/media?parent=2"}],"curies":[{"name":"wp","href":"https:\/\/api.w.org\/{rel}","templated":true}]}}