{"id":15,"date":"2025-11-07T08:43:07","date_gmt":"2025-11-07T11:43:07","guid":{"rendered":"https:\/\/qd.dev.br\/o-semeador-2025\/?page_id=15"},"modified":"2025-11-11T13:18:38","modified_gmt":"2025-11-11T16:18:38","slug":"contato","status":"publish","type":"page","link":"https:\/\/qd.dev.br\/o-semeador-2025\/contato\/","title":{"rendered":"Contato \/ Localiza\u00e7\u00e3o"},"content":{"rendered":"\n<div class=\"wp-block-group has-global-padding is-layout-constrained wp-block-group-is-layout-constrained\" style=\"padding-top:var(--wp--preset--spacing--70);padding-bottom:var(--wp--preset--spacing--70)\">\n<div class=\"wp-block-columns is-layout-flex wp-container-core-columns-is-layout-28f84493 wp-block-columns-is-layout-flex\">\n<div class=\"wp-block-column is-layout-flow wp-block-column-is-layout-flow\">\n<h3 class=\"wp-block-heading\">N\u00facleo Esp\u00edrita O Semeador<\/h3>\n\n\n\n<p><a href=\"tel:+551144264017\" class=\"qd-icone qd-telefone\" title=\"Telefone\">(11) 4426-4017<\/a><\/p> \n<p><a class=\"qd-icone qd-whatsapp\" title=\"WhatsApp\" href=\"https:\/\/wa.me\/5511933398886?text=Meu%20nome%20\u00e9\">WhatsApp<\/a><\/p>\n\n\n\n<p>Fa\u00e7a-nos uma visita:<br><a href=\"https:\/\/maps.app.goo.gl\/zMYDm2CxFheozz3w8\">Rua Itapiranga, 312<\/a> &#8211; Vila Floresta &#8211; Santo Andr\u00e9 &#8211; SP<\/p>\n\n\n\n<h3 class=\"wp-block-heading\">Siga-nos nas redes sociais<\/h3>\n\n\n\n<p><a href=\"https:\/\/www.facebook.com\/nucleoespiritaosemeador\/\" class=\"qd-square-icone qd-facebook\" title=\"Facebook\" rel=\"nofollow noopener noreferrer\" target=\"_blank\">&nbsp;<\/a> \n<a href=\"https:\/\/www.instagram.com\/osemeadorabc\/\" class=\"qd-square-icone qd-instagram\" title=\"Instagram\" rel=\"nofollow noopener noreferrer\" target=\"_blank\">&nbsp;<\/a>\n<a href=\"https:\/\/www.youtube.com\/@OsemeadorABC\" class=\"qd-square-icone qd-youtube\" title=\"YouTube\" rel=\"nofollow noopener noreferrer\" target=\"_blank\">&nbsp;<\/a><\/p>\n<\/div>\n\n\n\n<div class=\"wp-block-column is-layout-flow wp-block-column-is-layout-flow\">\n<div class=\"wpcf7 no-js\" id=\"wpcf7-f6-o1\" lang=\"pt-BR\" dir=\"ltr\" data-wpcf7-id=\"6\">\n<div class=\"screen-reader-response\"><p role=\"status\" aria-live=\"polite\" aria-atomic=\"true\"><\/p> <ul><\/ul><\/div>\n<form action=\"\/o-semeador-2025\/wp-json\/wp\/v2\/pages\/15#wpcf7-f6-o1\" method=\"post\" class=\"wpcf7-form init\" aria-label=\"Formul\u00e1rios de contato\" novalidate=\"novalidate\" data-status=\"init\">\n<fieldset class=\"hidden-fields-container\"><input type=\"hidden\" name=\"_wpcf7\" value=\"6\" \/><input type=\"hidden\" name=\"_wpcf7_version\" value=\"6.1.3\" \/><input type=\"hidden\" name=\"_wpcf7_locale\" value=\"pt_BR\" \/><input type=\"hidden\" name=\"_wpcf7_unit_tag\" value=\"wpcf7-f6-o1\" \/><input type=\"hidden\" name=\"_wpcf7_container_post\" value=\"0\" \/><input type=\"hidden\" name=\"_wpcf7_posted_data_hash\" value=\"\" \/>\n<\/fieldset>\n<p><span class=\"wpcf7-form-control-wrap\" data-name=\"Nome\"><input size=\"40\" maxlength=\"400\" class=\"wpcf7-form-control wpcf7-text wpcf7-validates-as-required\" aria-required=\"true\" aria-invalid=\"false\" placeholder=\"Nome*\" value=\"\" type=\"text\" name=\"Nome\" \/><\/span><br \/>\n<span class=\"wpcf7-form-control-wrap\" data-name=\"Email\"><input size=\"40\" maxlength=\"400\" class=\"wpcf7-form-control wpcf7-email wpcf7-validates-as-required wpcf7-text wpcf7-validates-as-email\" aria-required=\"true\" aria-invalid=\"false\" placeholder=\"E-mail*\" value=\"\" type=\"email\" name=\"Email\" \/><\/span><br \/>\n<span class=\"wpcf7-form-control-wrap\" data-name=\"Telefone\"><input size=\"40\" maxlength=\"400\" class=\"wpcf7-form-control wpcf7-tel wpcf7-validates-as-required wpcf7-text wpcf7-validates-as-tel\" aria-required=\"true\" aria-invalid=\"false\" placeholder=\"Telefone\" value=\"\" type=\"tel\" name=\"Telefone\" \/><\/span><br \/>\n<span class=\"wpcf7-form-control-wrap\" data-name=\"Menssagem\"><textarea cols=\"40\" rows=\"4\" maxlength=\"2000\" class=\"wpcf7-form-control wpcf7-textarea\" aria-invalid=\"false\" placeholder=\"Mensagem\" name=\"Menssagem\"><\/textarea><\/span><br \/>\n<span class=\"wpcf7-form-control-wrap\" data-name=\"Consentimento-LGPD\"><span class=\"wpcf7-form-control wpcf7-checkbox wpcf7-validates-as-required\"><span class=\"wpcf7-list-item first last\"><input type=\"checkbox\" name=\"Consentimento-LGPD[]\" value=\"Estou de acordo com a Pol\u00edtica de Privacidade do site\" \/><span class=\"wpcf7-list-item-label\">Estou de acordo com a Pol\u00edtica de Privacidade do site<\/span><\/span><\/span><\/span><br \/>\n<input class=\"wpcf7-form-control wpcf7-submit has-spinner\" type=\"submit\" value=\"Enviar\" \/>\n<\/p>\n<p style=\"font-size:0.8em;\">*Campos Obrigat\u00f3rios<br \/>\n<a href=\"https:\/\/qd.dev.br\/o-semeador-2025\/politica-de-privacidade\/\">Pol\u00edtica de Privacidade<\/a>\n<\/p><div class=\"wpcf7-response-output\" aria-hidden=\"true\"><\/div>\n<\/form>\n<\/div>\n\n<\/div>\n<\/div>\n<\/div>\n\n\n\n<div class=\"wp-block-group alignfull is-layout-flow wp-block-group-is-layout-flow\">\n<iframe src=\"https:\/\/www.google.com\/maps\/embed?pb=!1m14!1m8!1m3!1d29232.928966274678!2d-46.551091!3d-23.671805!3m2!1i1024!2i768!4f13.1!3m3!1m2!1s0x94ce42558a9dd209%3A0x72fa28e56de45181!2sRua%20Itapiranga%2C%20312%20-%20Vila%20Floresta%2C%20Santo%20Andr%C3%A9%20-%20SP%2C%2009050-240%2C%20Brasil!5e0!3m2!1spt-BR!2sus!4v1637770168078!5m2!1spt-BR!2sus\" width=\"100%\" height=\"450\" style=\"border:0;\" allowfullscreen=\"\" loading=\"lazy\"><\/iframe>\n<\/div>\n","protected":false},"excerpt":{"rendered":"<p>N\u00facleo Esp\u00edrita O Semeador (11) 4426-4017 WhatsApp Fa\u00e7a-nos uma visita:Rua Itapiranga, 312 &#8211; Vila Floresta &#8211; Santo Andr\u00e9 &#8211; SP Siga-nos nas redes sociais &nbsp; &nbsp; &nbsp;<\/p>\n","protected":false},"author":1,"featured_media":0,"parent":0,"menu_order":100,"comment_status":"closed","ping_status":"closed","template":"","meta":{"footnotes":""},"class_list":["post-15","page","type-page","status-publish","hentry"],"yoast_head":"<!-- This site is optimized with the Yoast SEO plugin v26.3 - https:\/\/yoast.com\/wordpress\/plugins\/seo\/ -->\n<title>Contato \/ Localiza\u00e7\u00e3o - O Semeador<\/title>\n<meta name=\"robots\" content=\"noindex, follow, max-snippet:-1, max-image-preview:large, max-video-preview:-1\" \/>\n<meta property=\"og:locale\" content=\"pt_BR\" \/>\n<meta property=\"og:type\" content=\"article\" \/>\n<meta property=\"og:title\" content=\"Contato \/ Localiza\u00e7\u00e3o - O Semeador\" \/>\n<meta property=\"og:description\" content=\"N\u00facleo Esp\u00edrita O Semeador (11) 4426-4017 WhatsApp Fa\u00e7a-nos uma visita:Rua Itapiranga, 312 &#8211; Vila Floresta &#8211; Santo Andr\u00e9 &#8211; SP Siga-nos nas redes sociais &nbsp; &nbsp; &nbsp;\" \/>\n<meta property=\"og:url\" content=\"https:\/\/qd.dev.br\/o-semeador-2025\/contato\/\" \/>\n<meta property=\"og:site_name\" content=\"O Semeador\" \/>\n<meta property=\"article:modified_time\" content=\"2025-11-11T16:18:38+00:00\" \/>\n<meta name=\"twitter:card\" content=\"summary_large_image\" \/>\n<meta name=\"twitter:label1\" content=\"Est. tempo de leitura\" \/>\n\t<meta name=\"twitter:data1\" content=\"1 minuto\" \/>\n<script type=\"application\/ld+json\" class=\"yoast-schema-graph\">{\"@context\":\"https:\/\/schema.org\",\"@graph\":[{\"@type\":\"WebPage\",\"@id\":\"https:\/\/qd.dev.br\/o-semeador-2025\/contato\/\",\"url\":\"https:\/\/qd.dev.br\/o-semeador-2025\/contato\/\",\"name\":\"Contato \/ Localiza\u00e7\u00e3o - O Semeador\",\"isPartOf\":{\"@id\":\"https:\/\/qd.dev.br\/o-semeador-2025\/#website\"},\"datePublished\":\"2025-11-07T11:43:07+00:00\",\"dateModified\":\"2025-11-11T16:18:38+00:00\",\"breadcrumb\":{\"@id\":\"https:\/\/qd.dev.br\/o-semeador-2025\/contato\/#breadcrumb\"},\"inLanguage\":\"pt-BR\",\"potentialAction\":[{\"@type\":\"ReadAction\",\"target\":[\"https:\/\/qd.dev.br\/o-semeador-2025\/contato\/\"]}]},{\"@type\":\"BreadcrumbList\",\"@id\":\"https:\/\/qd.dev.br\/o-semeador-2025\/contato\/#breadcrumb\",\"itemListElement\":[{\"@type\":\"ListItem\",\"position\":1,\"name\":\"In\u00edcio\",\"item\":\"https:\/\/qd.dev.br\/o-semeador-2025\/\"},{\"@type\":\"ListItem\",\"position\":2,\"name\":\"Contato \/ Localiza\u00e7\u00e3o\"}]},{\"@type\":\"WebSite\",\"@id\":\"https:\/\/qd.dev.br\/o-semeador-2025\/#website\",\"url\":\"https:\/\/qd.dev.br\/o-semeador-2025\/\",\"name\":\"O Semeador\",\"description\":\"\",\"potentialAction\":[{\"@type\":\"SearchAction\",\"target\":{\"@type\":\"EntryPoint\",\"urlTemplate\":\"https:\/\/qd.dev.br\/o-semeador-2025\/?s={search_term_string}\"},\"query-input\":{\"@type\":\"PropertyValueSpecification\",\"valueRequired\":true,\"valueName\":\"search_term_string\"}}],\"inLanguage\":\"pt-BR\"}]}<\/script>\n<!-- \/ Yoast SEO plugin. -->","yoast_head_json":{"title":"Contato \/ Localiza\u00e7\u00e3o - O Semeador","robots":{"index":"noindex","follow":"follow","max-snippet":"max-snippet:-1","max-image-preview":"max-image-preview:large","max-video-preview":"max-video-preview:-1"},"og_locale":"pt_BR","og_type":"article","og_title":"Contato \/ Localiza\u00e7\u00e3o - O Semeador","og_description":"N\u00facleo Esp\u00edrita O Semeador (11) 4426-4017 WhatsApp Fa\u00e7a-nos uma visita:Rua Itapiranga, 312 &#8211; Vila Floresta &#8211; Santo Andr\u00e9 &#8211; SP Siga-nos nas redes sociais &nbsp; &nbsp; &nbsp;","og_url":"https:\/\/qd.dev.br\/o-semeador-2025\/contato\/","og_site_name":"O Semeador","article_modified_time":"2025-11-11T16:18:38+00:00","twitter_card":"summary_large_image","twitter_misc":{"Est. tempo de leitura":"1 minuto"},"schema":{"@context":"https:\/\/schema.org","@graph":[{"@type":"WebPage","@id":"https:\/\/qd.dev.br\/o-semeador-2025\/contato\/","url":"https:\/\/qd.dev.br\/o-semeador-2025\/contato\/","name":"Contato \/ Localiza\u00e7\u00e3o - O Semeador","isPartOf":{"@id":"https:\/\/qd.dev.br\/o-semeador-2025\/#website"},"datePublished":"2025-11-07T11:43:07+00:00","dateModified":"2025-11-11T16:18:38+00:00","breadcrumb":{"@id":"https:\/\/qd.dev.br\/o-semeador-2025\/contato\/#breadcrumb"},"inLanguage":"pt-BR","potentialAction":[{"@type":"ReadAction","target":["https:\/\/qd.dev.br\/o-semeador-2025\/contato\/"]}]},{"@type":"BreadcrumbList","@id":"https:\/\/qd.dev.br\/o-semeador-2025\/contato\/#breadcrumb","itemListElement":[{"@type":"ListItem","position":1,"name":"In\u00edcio","item":"https:\/\/qd.dev.br\/o-semeador-2025\/"},{"@type":"ListItem","position":2,"name":"Contato \/ Localiza\u00e7\u00e3o"}]},{"@type":"WebSite","@id":"https:\/\/qd.dev.br\/o-semeador-2025\/#website","url":"https:\/\/qd.dev.br\/o-semeador-2025\/","name":"O Semeador","description":"","potentialAction":[{"@type":"SearchAction","target":{"@type":"EntryPoint","urlTemplate":"https:\/\/qd.dev.br\/o-semeador-2025\/?s={search_term_string}"},"query-input":{"@type":"PropertyValueSpecification","valueRequired":true,"valueName":"search_term_string"}}],"inLanguage":"pt-BR"}]}},"_links":{"self":[{"href":"https:\/\/qd.dev.br\/o-semeador-2025\/wp-json\/wp\/v2\/pages\/15","targetHints":{"allow":["GET"]}}],"collection":[{"href":"https:\/\/qd.dev.br\/o-semeador-2025\/wp-json\/wp\/v2\/pages"}],"about":[{"href":"https:\/\/qd.dev.br\/o-semeador-2025\/wp-json\/wp\/v2\/types\/page"}],"author":[{"embeddable":true,"href":"https:\/\/qd.dev.br\/o-semeador-2025\/wp-json\/wp\/v2\/users\/1"}],"replies":[{"embeddable":true,"href":"https:\/\/qd.dev.br\/o-semeador-2025\/wp-json\/wp\/v2\/comments?post=15"}],"version-history":[{"count":12,"href":"https:\/\/qd.dev.br\/o-semeador-2025\/wp-json\/wp\/v2\/pages\/15\/revisions"}],"predecessor-version":[{"id":171,"href":"https:\/\/qd.dev.br\/o-semeador-2025\/wp-json\/wp\/v2\/pages\/15\/revisions\/171"}],"wp:attachment":[{"href":"https:\/\/qd.dev.br\/o-semeador-2025\/wp-json\/wp\/v2\/media?parent=15"}],"curies":[{"name":"wp","href":"https:\/\/api.w.org\/{rel}","templated":true}]}}