{"id":13,"date":"2025-11-07T08:42:19","date_gmt":"2025-11-07T11:42:19","guid":{"rendered":"https:\/\/qd.dev.br\/o-semeador-2025\/?page_id=13"},"modified":"2025-11-10T10:56:05","modified_gmt":"2025-11-10T13:56:05","slug":"nucleo-espirita-o-semeador","status":"publish","type":"page","link":"https:\/\/qd.dev.br\/o-semeador-2025\/nucleo-espirita-o-semeador\/","title":{"rendered":"N\u00facleo Esp\u00edrita O Semeador"},"content":{"rendered":"\n<div class=\"wp-block-group has-global-padding is-layout-constrained wp-block-group-is-layout-constrained\" style=\"padding-top:var(--wp--preset--spacing--60);padding-bottom:var(--wp--preset--spacing--60)\">\n<div class=\"wp-block-columns is-layout-flex wp-container-core-columns-is-layout-28f84493 wp-block-columns-is-layout-flex\">\n<div class=\"wp-block-column is-layout-flow wp-block-column-is-layout-flow\">\n<figure class=\"wp-block-image aligncenter size-full is-resized\"><img loading=\"lazy\" decoding=\"async\" width=\"450\" height=\"450\" src=\"https:\/\/qd.dev.br\/o-semeador-2025\/wp-content\/uploads\/2025\/11\/ilustra-quem-somos.webp\" alt=\"\" class=\"wp-image-110\" style=\"width:308px;height:auto\" srcset=\"https:\/\/qd.dev.br\/o-semeador-2025\/wp-content\/uploads\/2025\/11\/ilustra-quem-somos.webp 450w, https:\/\/qd.dev.br\/o-semeador-2025\/wp-content\/uploads\/2025\/11\/ilustra-quem-somos-300x300.webp 300w, https:\/\/qd.dev.br\/o-semeador-2025\/wp-content\/uploads\/2025\/11\/ilustra-quem-somos-150x150.webp 150w, https:\/\/qd.dev.br\/o-semeador-2025\/wp-content\/uploads\/2025\/11\/ilustra-quem-somos-350x350.webp 350w, https:\/\/qd.dev.br\/o-semeador-2025\/wp-content\/uploads\/2025\/11\/ilustra-quem-somos-120x120.webp 120w, https:\/\/qd.dev.br\/o-semeador-2025\/wp-content\/uploads\/2025\/11\/ilustra-quem-somos-400x400.webp 400w\" sizes=\"auto, (max-width: 450px) 100vw, 450px\" \/><\/figure>\n<\/div>\n\n\n\n<div class=\"wp-block-column is-vertically-aligned-center is-layout-flow wp-block-column-is-layout-flow\">\n<p style=\"font-size:1.4em\">Somos uma organiza\u00e7\u00e3o religiosa, juridicamente constitu\u00edda de acordo com a legisla\u00e7\u00e3o vigente, com a finalidade de apoiar e estimular o desenvolvimento humano e espiritual em seu sentido mais amplo, tendo como base os preceitos da filosofia esp\u00edrita, codificada por Allan Kardec, em seus aspectos filos\u00f3ficos, cient\u00edficos e religiosos.<\/p>\n<\/div>\n<\/div>\n<\/div>\n\n\n\n<div class=\"wp-block-group alignfull qd-dark has-o-semeador-gradient-background has-background is-layout-flow wp-block-group-is-layout-flow\" style=\"padding-top:var(--wp--preset--spacing--70);padding-bottom:var(--wp--preset--spacing--70)\">\n<div class=\"wp-block-columns is-layout-flex wp-container-core-columns-is-layout-28f84493 wp-block-columns-is-layout-flex\">\n<div class=\"wp-block-column is-layout-flow wp-block-column-is-layout-flow\" style=\"flex-basis:25%\"><\/div>\n\n\n\n<div class=\"wp-block-column is-layout-flow wp-block-column-is-layout-flow\" style=\"flex-basis:50%\">\n<h3 class=\"wp-block-heading has-text-align-center\">O que fazemos?<\/h3>\n\n\n\n<p class=\"has-text-align-center\">Visite a se\u00e7\u00e3o atividades e siga-nos nas redes sociais para saber mais.<\/p>\n\n\n\n<div class=\"wp-block-buttons is-content-justification-center is-layout-flex wp-container-core-buttons-is-layout-a89b3969 wp-block-buttons-is-layout-flex\">\n<div class=\"wp-block-button\"><a class=\"wp-block-button__link has-text-color has-base-background-color has-text-color has-background has-link-color has-text-align-center wp-element-button\" href=\"https:\/\/qd.dev.br\/o-semeador-2025\/atividades\/\">Atividades <\/a><\/div>\n<\/div>\n<\/div>\n\n\n\n<div class=\"wp-block-column is-layout-flow wp-block-column-is-layout-flow\" style=\"flex-basis:25%\"><\/div>\n<\/div>\n<\/div>\n\n\n\n<div class=\"wp-block-group has-global-padding is-layout-constrained wp-block-group-is-layout-constrained\" style=\"padding-top:var(--wp--preset--spacing--60);padding-bottom:var(--wp--preset--spacing--60)\">\n<div class=\"wp-block-columns is-layout-flex wp-container-core-columns-is-layout-28f84493 wp-block-columns-is-layout-flex\">\n<div class=\"wp-block-column is-layout-flow wp-block-column-is-layout-flow\">\n<h2 class=\"wp-block-heading has-text-align-center\">Conselho<\/h2>\n<\/div>\n\n\n\n<div class=\"wp-block-column is-layout-flow wp-block-column-is-layout-flow\">\n<p>O N\u00facleo Espirita O Semeador \u00e9 administrado colegiadamente por um Conselho Diretor e por um Conselho Consultivo. N\u00e3o possui cargos hierarquicamente organizados como Presidente e Diretores.&nbsp;<\/p>\n\n\n\n<p>Possui respons\u00e1veis por atividades e tarefas, que assumem voluntariamente sob a aquiesc\u00eancia e orienta\u00e7\u00e3o do Conselho Diretor.<\/p>\n<\/div>\n<\/div>\n<\/div>\n\n\n\n<p><\/p>\n","protected":false},"excerpt":{"rendered":"<p>Somos uma organiza\u00e7\u00e3o religiosa, juridicamente constitu\u00edda de acordo com a legisla\u00e7\u00e3o vigente, com a finalidade de apoiar e estimular o desenvolvimento humano e espiritual em seu sentido mais amplo, tendo como base os preceitos da filosofia esp\u00edrita, codificada por Allan Kardec, em seus aspectos filos\u00f3ficos, cient\u00edficos e religiosos. O que fazemos? Visite a se\u00e7\u00e3o atividades [&hellip;]<\/p>\n","protected":false},"author":1,"featured_media":0,"parent":0,"menu_order":20,"comment_status":"closed","ping_status":"closed","template":"","meta":{"footnotes":""},"class_list":["post-13","page","type-page","status-publish","hentry"],"yoast_head":"<!-- This site is optimized with the Yoast SEO plugin v26.3 - https:\/\/yoast.com\/wordpress\/plugins\/seo\/ -->\n<title>N\u00facleo Esp\u00edrita O Semeador - O Semeador<\/title>\n<meta name=\"robots\" content=\"noindex, follow, max-snippet:-1, max-image-preview:large, max-video-preview:-1\" \/>\n<meta property=\"og:locale\" content=\"pt_BR\" \/>\n<meta property=\"og:type\" content=\"article\" \/>\n<meta property=\"og:title\" content=\"N\u00facleo Esp\u00edrita O Semeador - O Semeador\" \/>\n<meta property=\"og:description\" content=\"Somos uma organiza\u00e7\u00e3o religiosa, juridicamente constitu\u00edda de acordo com a legisla\u00e7\u00e3o vigente, com a finalidade de apoiar e estimular o desenvolvimento humano e espiritual em seu sentido mais amplo, tendo como base os preceitos da filosofia esp\u00edrita, codificada por Allan Kardec, em seus aspectos filos\u00f3ficos, cient\u00edficos e religiosos. O que fazemos? Visite a se\u00e7\u00e3o atividades [&hellip;]\" \/>\n<meta property=\"og:url\" content=\"https:\/\/qd.dev.br\/o-semeador-2025\/nucleo-espirita-o-semeador\/\" \/>\n<meta property=\"og:site_name\" content=\"O Semeador\" \/>\n<meta property=\"article:modified_time\" content=\"2025-11-10T13:56:05+00:00\" \/>\n<meta property=\"og:image\" content=\"https:\/\/qd.dev.br\/o-semeador-2025\/wp-content\/uploads\/2025\/11\/ilustra-quem-somos.webp\" \/>\n\t<meta property=\"og:image:width\" content=\"450\" \/>\n\t<meta property=\"og:image:height\" content=\"450\" \/>\n\t<meta property=\"og:image:type\" content=\"image\/webp\" \/>\n<meta name=\"twitter:card\" content=\"summary_large_image\" \/>\n<meta name=\"twitter:label1\" content=\"Est. tempo de leitura\" \/>\n\t<meta name=\"twitter:data1\" content=\"1 minuto\" \/>\n<script type=\"application\/ld+json\" class=\"yoast-schema-graph\">{\"@context\":\"https:\/\/schema.org\",\"@graph\":[{\"@type\":\"WebPage\",\"@id\":\"https:\/\/qd.dev.br\/o-semeador-2025\/nucleo-espirita-o-semeador\/\",\"url\":\"https:\/\/qd.dev.br\/o-semeador-2025\/nucleo-espirita-o-semeador\/\",\"name\":\"N\u00facleo Esp\u00edrita O Semeador - O Semeador\",\"isPartOf\":{\"@id\":\"https:\/\/qd.dev.br\/o-semeador-2025\/#website\"},\"primaryImageOfPage\":{\"@id\":\"https:\/\/qd.dev.br\/o-semeador-2025\/nucleo-espirita-o-semeador\/#primaryimage\"},\"image\":{\"@id\":\"https:\/\/qd.dev.br\/o-semeador-2025\/nucleo-espirita-o-semeador\/#primaryimage\"},\"thumbnailUrl\":\"https:\/\/qd.dev.br\/o-semeador-2025\/wp-content\/uploads\/2025\/11\/ilustra-quem-somos.webp\",\"datePublished\":\"2025-11-07T11:42:19+00:00\",\"dateModified\":\"2025-11-10T13:56:05+00:00\",\"breadcrumb\":{\"@id\":\"https:\/\/qd.dev.br\/o-semeador-2025\/nucleo-espirita-o-semeador\/#breadcrumb\"},\"inLanguage\":\"pt-BR\",\"potentialAction\":[{\"@type\":\"ReadAction\",\"target\":[\"https:\/\/qd.dev.br\/o-semeador-2025\/nucleo-espirita-o-semeador\/\"]}]},{\"@type\":\"ImageObject\",\"inLanguage\":\"pt-BR\",\"@id\":\"https:\/\/qd.dev.br\/o-semeador-2025\/nucleo-espirita-o-semeador\/#primaryimage\",\"url\":\"https:\/\/qd.dev.br\/o-semeador-2025\/wp-content\/uploads\/2025\/11\/ilustra-quem-somos.webp\",\"contentUrl\":\"https:\/\/qd.dev.br\/o-semeador-2025\/wp-content\/uploads\/2025\/11\/ilustra-quem-somos.webp\",\"width\":450,\"height\":450},{\"@type\":\"BreadcrumbList\",\"@id\":\"https:\/\/qd.dev.br\/o-semeador-2025\/nucleo-espirita-o-semeador\/#breadcrumb\",\"itemListElement\":[{\"@type\":\"ListItem\",\"position\":1,\"name\":\"In\u00edcio\",\"item\":\"https:\/\/qd.dev.br\/o-semeador-2025\/\"},{\"@type\":\"ListItem\",\"position\":2,\"name\":\"N\u00facleo Esp\u00edrita O Semeador\"}]},{\"@type\":\"WebSite\",\"@id\":\"https:\/\/qd.dev.br\/o-semeador-2025\/#website\",\"url\":\"https:\/\/qd.dev.br\/o-semeador-2025\/\",\"name\":\"O Semeador\",\"description\":\"\",\"potentialAction\":[{\"@type\":\"SearchAction\",\"target\":{\"@type\":\"EntryPoint\",\"urlTemplate\":\"https:\/\/qd.dev.br\/o-semeador-2025\/?s={search_term_string}\"},\"query-input\":{\"@type\":\"PropertyValueSpecification\",\"valueRequired\":true,\"valueName\":\"search_term_string\"}}],\"inLanguage\":\"pt-BR\"}]}<\/script>\n<!-- \/ Yoast SEO plugin. -->","yoast_head_json":{"title":"N\u00facleo Esp\u00edrita O Semeador - O Semeador","robots":{"index":"noindex","follow":"follow","max-snippet":"max-snippet:-1","max-image-preview":"max-image-preview:large","max-video-preview":"max-video-preview:-1"},"og_locale":"pt_BR","og_type":"article","og_title":"N\u00facleo Esp\u00edrita O Semeador - O Semeador","og_description":"Somos uma organiza\u00e7\u00e3o religiosa, juridicamente constitu\u00edda de acordo com a legisla\u00e7\u00e3o vigente, com a finalidade de apoiar e estimular o desenvolvimento humano e espiritual em seu sentido mais amplo, tendo como base os preceitos da filosofia esp\u00edrita, codificada por Allan Kardec, em seus aspectos filos\u00f3ficos, cient\u00edficos e religiosos. O que fazemos? Visite a se\u00e7\u00e3o atividades [&hellip;]","og_url":"https:\/\/qd.dev.br\/o-semeador-2025\/nucleo-espirita-o-semeador\/","og_site_name":"O Semeador","article_modified_time":"2025-11-10T13:56:05+00:00","og_image":[{"width":450,"height":450,"url":"https:\/\/qd.dev.br\/o-semeador-2025\/wp-content\/uploads\/2025\/11\/ilustra-quem-somos.webp","type":"image\/webp"}],"twitter_card":"summary_large_image","twitter_misc":{"Est. tempo de leitura":"1 minuto"},"schema":{"@context":"https:\/\/schema.org","@graph":[{"@type":"WebPage","@id":"https:\/\/qd.dev.br\/o-semeador-2025\/nucleo-espirita-o-semeador\/","url":"https:\/\/qd.dev.br\/o-semeador-2025\/nucleo-espirita-o-semeador\/","name":"N\u00facleo Esp\u00edrita O Semeador - O Semeador","isPartOf":{"@id":"https:\/\/qd.dev.br\/o-semeador-2025\/#website"},"primaryImageOfPage":{"@id":"https:\/\/qd.dev.br\/o-semeador-2025\/nucleo-espirita-o-semeador\/#primaryimage"},"image":{"@id":"https:\/\/qd.dev.br\/o-semeador-2025\/nucleo-espirita-o-semeador\/#primaryimage"},"thumbnailUrl":"https:\/\/qd.dev.br\/o-semeador-2025\/wp-content\/uploads\/2025\/11\/ilustra-quem-somos.webp","datePublished":"2025-11-07T11:42:19+00:00","dateModified":"2025-11-10T13:56:05+00:00","breadcrumb":{"@id":"https:\/\/qd.dev.br\/o-semeador-2025\/nucleo-espirita-o-semeador\/#breadcrumb"},"inLanguage":"pt-BR","potentialAction":[{"@type":"ReadAction","target":["https:\/\/qd.dev.br\/o-semeador-2025\/nucleo-espirita-o-semeador\/"]}]},{"@type":"ImageObject","inLanguage":"pt-BR","@id":"https:\/\/qd.dev.br\/o-semeador-2025\/nucleo-espirita-o-semeador\/#primaryimage","url":"https:\/\/qd.dev.br\/o-semeador-2025\/wp-content\/uploads\/2025\/11\/ilustra-quem-somos.webp","contentUrl":"https:\/\/qd.dev.br\/o-semeador-2025\/wp-content\/uploads\/2025\/11\/ilustra-quem-somos.webp","width":450,"height":450},{"@type":"BreadcrumbList","@id":"https:\/\/qd.dev.br\/o-semeador-2025\/nucleo-espirita-o-semeador\/#breadcrumb","itemListElement":[{"@type":"ListItem","position":1,"name":"In\u00edcio","item":"https:\/\/qd.dev.br\/o-semeador-2025\/"},{"@type":"ListItem","position":2,"name":"N\u00facleo Esp\u00edrita O Semeador"}]},{"@type":"WebSite","@id":"https:\/\/qd.dev.br\/o-semeador-2025\/#website","url":"https:\/\/qd.dev.br\/o-semeador-2025\/","name":"O Semeador","description":"","potentialAction":[{"@type":"SearchAction","target":{"@type":"EntryPoint","urlTemplate":"https:\/\/qd.dev.br\/o-semeador-2025\/?s={search_term_string}"},"query-input":{"@type":"PropertyValueSpecification","valueRequired":true,"valueName":"search_term_string"}}],"inLanguage":"pt-BR"}]}},"_links":{"self":[{"href":"https:\/\/qd.dev.br\/o-semeador-2025\/wp-json\/wp\/v2\/pages\/13","targetHints":{"allow":["GET"]}}],"collection":[{"href":"https:\/\/qd.dev.br\/o-semeador-2025\/wp-json\/wp\/v2\/pages"}],"about":[{"href":"https:\/\/qd.dev.br\/o-semeador-2025\/wp-json\/wp\/v2\/types\/page"}],"author":[{"embeddable":true,"href":"https:\/\/qd.dev.br\/o-semeador-2025\/wp-json\/wp\/v2\/users\/1"}],"replies":[{"embeddable":true,"href":"https:\/\/qd.dev.br\/o-semeador-2025\/wp-json\/wp\/v2\/comments?post=13"}],"version-history":[{"count":13,"href":"https:\/\/qd.dev.br\/o-semeador-2025\/wp-json\/wp\/v2\/pages\/13\/revisions"}],"predecessor-version":[{"id":121,"href":"https:\/\/qd.dev.br\/o-semeador-2025\/wp-json\/wp\/v2\/pages\/13\/revisions\/121"}],"wp:attachment":[{"href":"https:\/\/qd.dev.br\/o-semeador-2025\/wp-json\/wp\/v2\/media?parent=13"}],"curies":[{"name":"wp","href":"https:\/\/api.w.org\/{rel}","templated":true}]}}